{"id":30176,"date":"2022-09-01T17:03:19","date_gmt":"2022-09-01T17:03:19","guid":{"rendered":"https:\/\/milicia-pro.com\/?post_type=product&#038;p=30176"},"modified":"2026-02-03T18:16:25","modified_gmt":"2026-02-03T18:16:25","slug":"camelbak-mule-wood-camo","status":"publish","type":"product","link":"https:\/\/milicia-pro.com\/index.php\/product\/camelbak-mule-wood-camo\/","title":{"rendered":"CAMELBAK MULE  &#8211; WOOD CAMO"},"content":{"rendered":"<p>Mantenha-se hidratado com o verdadeiro estilo em camuflagem Military Woodland. A Mochila de Hidrata\u00e7\u00e3o CamelBak MULE (3L) n\u00e3o s\u00f3 oferece hidrata\u00e7\u00e3o sem precisar usar as m\u00e3os, como o tamanho de armazenamento \u00e9 perfeito para ca\u00e7adas e caminhadas de um dia. Os tr\u00eas compartimentos de armazenamento podem levar alimentos, filtragem de \u00e1gua e uma camada compacta.<\/p>\n<p>Repleta de recursos, a MULE \u00e9 constru\u00edda em tecido de n\u00e1ilon Cordura muito dur\u00e1vel, feito para uso militar, cuja robustez j\u00e1 foi comprovada. No campo, a gest\u00e3o de al\u00e7as e cord\u00f5es \u00e9 vital. O cinto abdominal embutido se enrola em um bolso quando n\u00e3o est\u00e1 em uso, e as al\u00e7as de ombro ajust\u00e1veis t\u00eam suportes de gancho e al\u00e7a, garantindo um uso sem emaranhados. O painel traseiro bem acolchoado possui canais de ar que ajudam a manter a frescura, ao mesmo tempo que oferecem suporte e amortecimento para seus equipamentos. Uma mochila s\u00f3lida de tamanho ideal para o dia todo, s\u00e9ria quanto \u00e0 hidrata\u00e7\u00e3o. Acomoda um reservat\u00f3rio de 3 litros (100 oz).<\/p>\n<p><strong>Capacidade:<\/strong> 3 litros<\/p>\n<p><strong>Dimens\u00f5es:<\/strong> 47cm x 25,4cm x 12,7cm<\/p>\n<p><strong>Volume Total:<\/strong> 11,8 l (3 l + 8 l)<\/p>\n<p><strong>Peso:<\/strong> vazio- 0.82 Kg; c\/ \u00e1gua \u2013 3,65 kg<\/p>\n","protected":false},"excerpt":{"rendered":"<p>&nbsp;<\/p>\n<p>&nbsp;<\/p>\n","protected":false},"featured_media":43816,"comment_status":"open","ping_status":"closed","template":"","meta":{"_monsterinsights_skip_tracking":false,"_monsterinsights_sitenote_active":false,"_monsterinsights_sitenote_note":"","_monsterinsights_sitenote_category":0},"product_brand":[],"product_cat":[1617,1286,829,1467],"product_tag":[1146,215,296,741],"class_list":{"0":"post-30176","1":"product","2":"type-product","3":"status-publish","4":"has-post-thumbnail","6":"product_cat-bolsa-hidratacao","7":"product_cat-camelbak-marcas","8":"product_cat-marcas","9":"product_cat-mochilas-bolsas","10":"product_tag-hidratacao","11":"product_tag-mochila","12":"product_tag-saco","13":"product_tag-transporte","15":"first","16":"instock","17":"shipping-taxable","18":"purchasable","19":"product-type-variable"},"aioseo_notices":[],"jetpack_sharing_enabled":true,"_links":{"self":[{"href":"https:\/\/milicia-pro.com\/index.php\/wp-json\/wp\/v2\/product\/30176","targetHints":{"allow":["GET"]}}],"collection":[{"href":"https:\/\/milicia-pro.com\/index.php\/wp-json\/wp\/v2\/product"}],"about":[{"href":"https:\/\/milicia-pro.com\/index.php\/wp-json\/wp\/v2\/types\/product"}],"replies":[{"embeddable":true,"href":"https:\/\/milicia-pro.com\/index.php\/wp-json\/wp\/v2\/comments?post=30176"}],"wp:featuredmedia":[{"embeddable":true,"href":"https:\/\/milicia-pro.com\/index.php\/wp-json\/wp\/v2\/media\/43816"}],"wp:attachment":[{"href":"https:\/\/milicia-pro.com\/index.php\/wp-json\/wp\/v2\/media?parent=30176"}],"wp:term":[{"taxonomy":"product_brand","embeddable":true,"href":"https:\/\/milicia-pro.com\/index.php\/wp-json\/wp\/v2\/product_brand?post=30176"},{"taxonomy":"product_cat","embeddable":true,"href":"https:\/\/milicia-pro.com\/index.php\/wp-json\/wp\/v2\/product_cat?post=30176"},{"taxonomy":"product_tag","embeddable":true,"href":"https:\/\/milicia-pro.com\/index.php\/wp-json\/wp\/v2\/product_tag?post=30176"}],"curies":[{"name":"wp","href":"https:\/\/api.w.org\/{rel}","templated":true}]}}