{"id":30174,"date":"2022-09-01T17:03:19","date_gmt":"2022-09-01T17:03:19","guid":{"rendered":"https:\/\/milicia-pro.com\/?post_type=product&#038;p=30174"},"modified":"2026-01-07T18:04:38","modified_gmt":"2026-01-07T18:04:38","slug":"luvas-de-kevlar-p-tiro","status":"publish","type":"product","link":"https:\/\/milicia-pro.com\/index.php\/product\/luvas-de-kevlar-p-tiro\/","title":{"rendered":"LUVAS DE KEVLAR P\/ TIRO"},"content":{"rendered":"<p align=\"justify\">Extremamente leves e confort\u00e1veis, foram concebidas para o uso em SWAT e opera\u00e7\u00f5es t\u00e1cticas.<\/p>\n<p align=\"justify\">Compostas por Dupont Kevlar resistente ao corte, e resistentes ao fogo at\u00e9 \u00e1 temperatura de 427 \u00baC.<\/p>\n<p align=\"justify\">A sua concep\u00e7\u00e3o foi feita de modo a permitir o m\u00e1ximo conforto, destreza, e ader\u00eancia para uma melhor performance de tiro.<\/p>\n<p align=\"justify\">\n","protected":false},"excerpt":{"rendered":"<p>Extremamente leves e confort\u00e1veis, foram concebidas para o uso em SWAT e opera\u00e7\u00f5es t\u00e1cticas. Compostas por Dupont Kevlar resistente ao corte, e resistentes ao fogo at\u00e9 \u00e1 temperatura de 427 \u00baC. A sua concep\u00e7\u00e3o foi feita de modo a permitir o m\u00e1ximo conforto, destreza, e ader\u00eancia para uma melhor performance de tiro.<\/p>\n","protected":false},"featured_media":26987,"comment_status":"open","ping_status":"closed","template":"","meta":{"_monsterinsights_skip_tracking":false,"_monsterinsights_sitenote_active":false,"_monsterinsights_sitenote_note":"","_monsterinsights_sitenote_category":0},"product_brand":[1512],"product_cat":[1064,965,1088,829],"product_tag":[498,200,499],"class_list":{"0":"post-30174","1":"product","2":"type-product","3":"status-publish","4":"has-post-thumbnail","6":"product_brand-hatch","7":"product_cat-equipamentotatico","8":"product_cat-hatch","9":"product_cat-luvas","10":"product_cat-marcas","11":"product_tag-anti-corte","12":"product_tag-luva","13":"product_tag-tiro","15":"first","16":"instock","17":"shipping-taxable","18":"purchasable","19":"product-type-variable"},"aioseo_notices":[],"jetpack_sharing_enabled":true,"_links":{"self":[{"href":"https:\/\/milicia-pro.com\/index.php\/wp-json\/wp\/v2\/product\/30174","targetHints":{"allow":["GET"]}}],"collection":[{"href":"https:\/\/milicia-pro.com\/index.php\/wp-json\/wp\/v2\/product"}],"about":[{"href":"https:\/\/milicia-pro.com\/index.php\/wp-json\/wp\/v2\/types\/product"}],"replies":[{"embeddable":true,"href":"https:\/\/milicia-pro.com\/index.php\/wp-json\/wp\/v2\/comments?post=30174"}],"wp:featuredmedia":[{"embeddable":true,"href":"https:\/\/milicia-pro.com\/index.php\/wp-json\/wp\/v2\/media\/26987"}],"wp:attachment":[{"href":"https:\/\/milicia-pro.com\/index.php\/wp-json\/wp\/v2\/media?parent=30174"}],"wp:term":[{"taxonomy":"product_brand","embeddable":true,"href":"https:\/\/milicia-pro.com\/index.php\/wp-json\/wp\/v2\/product_brand?post=30174"},{"taxonomy":"product_cat","embeddable":true,"href":"https:\/\/milicia-pro.com\/index.php\/wp-json\/wp\/v2\/product_cat?post=30174"},{"taxonomy":"product_tag","embeddable":true,"href":"https:\/\/milicia-pro.com\/index.php\/wp-json\/wp\/v2\/product_tag?post=30174"}],"curies":[{"name":"wp","href":"https:\/\/api.w.org\/{rel}","templated":true}]}}