{"id":30170,"date":"2022-09-01T17:03:19","date_gmt":"2022-09-01T17:03:19","guid":{"rendered":"https:\/\/milicia-pro.com\/?post_type=product&#038;p=30170"},"modified":"2026-01-07T17:07:16","modified_gmt":"2026-01-07T17:07:16","slug":"luvas-couro-sure-shot-p-tiro","status":"publish","type":"product","link":"https:\/\/milicia-pro.com\/index.php\/product\/luvas-couro-sure-shot-p-tiro\/","title":{"rendered":"LUVAS COURO &#8220;SURE SHOT&#8221; P\/ TIRO"},"content":{"rendered":"<p align=\"justify\">A BSG170 \u00e9 uma luva concebida essencialmente para a pr\u00e1tica de tiro.<\/p>\n<p align=\"justify\">Conferindo ao seu utilizador uma \u00f3ptima destreza e sensibilidade no manuseamento de armas.<\/p>\n<p align=\"justify\">Possui tiras ajust\u00e1veis nos punhos para um melhor conforto e seguran\u00e7a.<\/p>\n<p align=\"justify\">\n","protected":false},"excerpt":{"rendered":"<p>A BSG170 \u00e9 uma luva concebida essencialmente para a pr\u00e1tica de tiro. Conferindo ao seu utilizador uma \u00f3ptima destreza e sensibilidade no manuseamento de armas. Possui tiras ajust\u00e1veis nos punhos para um melhor conforto e seguran\u00e7a.<\/p>\n","protected":false},"featured_media":26981,"comment_status":"open","ping_status":"closed","template":"","meta":{"_monsterinsights_skip_tracking":false,"_monsterinsights_sitenote_active":false,"_monsterinsights_sitenote_note":"","_monsterinsights_sitenote_category":0},"product_brand":[1512],"product_cat":[1064,965,1088,829],"product_tag":[846],"class_list":{"0":"post-30170","1":"product","2":"type-product","3":"status-publish","4":"has-post-thumbnail","6":"product_brand-hatch","7":"product_cat-equipamentotatico","8":"product_cat-hatch","9":"product_cat-luvas","10":"product_cat-marcas","11":"product_tag-luvas","13":"first","14":"instock","15":"shipping-taxable","16":"purchasable","17":"product-type-variable"},"aioseo_notices":[],"jetpack_sharing_enabled":true,"_links":{"self":[{"href":"https:\/\/milicia-pro.com\/index.php\/wp-json\/wp\/v2\/product\/30170","targetHints":{"allow":["GET"]}}],"collection":[{"href":"https:\/\/milicia-pro.com\/index.php\/wp-json\/wp\/v2\/product"}],"about":[{"href":"https:\/\/milicia-pro.com\/index.php\/wp-json\/wp\/v2\/types\/product"}],"replies":[{"embeddable":true,"href":"https:\/\/milicia-pro.com\/index.php\/wp-json\/wp\/v2\/comments?post=30170"}],"wp:featuredmedia":[{"embeddable":true,"href":"https:\/\/milicia-pro.com\/index.php\/wp-json\/wp\/v2\/media\/26981"}],"wp:attachment":[{"href":"https:\/\/milicia-pro.com\/index.php\/wp-json\/wp\/v2\/media?parent=30170"}],"wp:term":[{"taxonomy":"product_brand","embeddable":true,"href":"https:\/\/milicia-pro.com\/index.php\/wp-json\/wp\/v2\/product_brand?post=30170"},{"taxonomy":"product_cat","embeddable":true,"href":"https:\/\/milicia-pro.com\/index.php\/wp-json\/wp\/v2\/product_cat?post=30170"},{"taxonomy":"product_tag","embeddable":true,"href":"https:\/\/milicia-pro.com\/index.php\/wp-json\/wp\/v2\/product_tag?post=30170"}],"curies":[{"name":"wp","href":"https:\/\/api.w.org\/{rel}","templated":true}]}}