{"id":30169,"date":"2022-09-01T17:03:19","date_gmt":"2022-09-01T17:03:19","guid":{"rendered":"https:\/\/milicia-pro.com\/?post_type=product&#038;p=30169"},"modified":"2026-01-08T09:58:44","modified_gmt":"2026-01-08T09:58:44","slug":"luvas-neoprene-waterproof-inverno","status":"publish","type":"product","link":"https:\/\/milicia-pro.com\/index.php\/product\/luvas-neoprene-waterproof-inverno\/","title":{"rendered":"LUVAS NEOPRENE &#8220;WATERPROOF&#8221; INVERNO"},"content":{"rendered":"<p align=\"justify\">Uma vers\u00e3o para o Inverno da luva NS430, desenhada especialmente para o frio e chuva.<\/p>\n<p align=\"justify\">A palma da m\u00e3o \u00e9 composta por pele sint\u00e9tica Synsi-feel, o que lhe confere uma melhor ader\u00eancia. Composta por Toughtek patches ajust\u00e1veis nos punhos para melhor controlo.<\/p>\n<p align=\"justify\">Composta por um duplo forro interior em Thinsulate, que lhe confere impermeabilidade e conforto. O seu interior \u00e9 ainda composto por fibra chamada Hipora, que proteje o seu utilizador de um poss\u00edvel contacto com agentes patog\u00e9nicos presentes no sangue.<\/p>\n","protected":false},"excerpt":{"rendered":"<p>OBS: REQUER VERIFICA\u00c7\u00c3O DO PRODUTO<\/p>\n","protected":false},"featured_media":26980,"comment_status":"open","ping_status":"closed","template":"","meta":{"_monsterinsights_skip_tracking":false,"_monsterinsights_sitenote_active":false,"_monsterinsights_sitenote_note":"","_monsterinsights_sitenote_category":0},"product_brand":[1512],"product_cat":[1066,965,1088,829],"product_tag":[846],"class_list":{"0":"post-30169","1":"product","2":"type-product","3":"status-publish","4":"has-post-thumbnail","6":"product_brand-hatch","7":"product_cat-medical","8":"product_cat-hatch","9":"product_cat-luvas","10":"product_cat-marcas","11":"product_tag-luvas","13":"first","14":"instock","15":"shipping-taxable","16":"purchasable","17":"product-type-variable"},"aioseo_notices":[],"jetpack_sharing_enabled":true,"_links":{"self":[{"href":"https:\/\/milicia-pro.com\/index.php\/wp-json\/wp\/v2\/product\/30169","targetHints":{"allow":["GET"]}}],"collection":[{"href":"https:\/\/milicia-pro.com\/index.php\/wp-json\/wp\/v2\/product"}],"about":[{"href":"https:\/\/milicia-pro.com\/index.php\/wp-json\/wp\/v2\/types\/product"}],"replies":[{"embeddable":true,"href":"https:\/\/milicia-pro.com\/index.php\/wp-json\/wp\/v2\/comments?post=30169"}],"wp:featuredmedia":[{"embeddable":true,"href":"https:\/\/milicia-pro.com\/index.php\/wp-json\/wp\/v2\/media\/26980"}],"wp:attachment":[{"href":"https:\/\/milicia-pro.com\/index.php\/wp-json\/wp\/v2\/media?parent=30169"}],"wp:term":[{"taxonomy":"product_brand","embeddable":true,"href":"https:\/\/milicia-pro.com\/index.php\/wp-json\/wp\/v2\/product_brand?post=30169"},{"taxonomy":"product_cat","embeddable":true,"href":"https:\/\/milicia-pro.com\/index.php\/wp-json\/wp\/v2\/product_cat?post=30169"},{"taxonomy":"product_tag","embeddable":true,"href":"https:\/\/milicia-pro.com\/index.php\/wp-json\/wp\/v2\/product_tag?post=30169"}],"curies":[{"name":"wp","href":"https:\/\/api.w.org\/{rel}","templated":true}]}}