{"id":30168,"date":"2022-09-01T17:03:19","date_gmt":"2022-09-01T17:03:19","guid":{"rendered":"https:\/\/milicia-pro.com\/?post_type=product&#038;p=30168"},"modified":"2026-01-07T14:58:45","modified_gmt":"2026-01-07T14:58:45","slug":"luva-resister-c-kevlar-anti-corte","status":"publish","type":"product","link":"https:\/\/milicia-pro.com\/index.php\/product\/luva-resister-c-kevlar-anti-corte\/","title":{"rendered":"LUVA &#8220;RESISTER&#8221; C\/ KEVLAR ANTI-CORTE"},"content":{"rendered":"<p>Um dos modelos preferidos em todo o mundo pelos agentes policiais.<\/p>\n<p>Fabricada em pele \u00e0 prova de \u00e1gua, e composta a 100% em fibra de Kevlar, o que lhe confere uma excelente resist\u00eancia ao corte.<\/p>\n<p>&nbsp;<\/p>\n","protected":false},"excerpt":{"rendered":"<p>OBS: REQUER VERIFICA\u00c7\u00c3O DE STOCK<\/p>\n","protected":false},"featured_media":26978,"comment_status":"open","ping_status":"closed","template":"","meta":{"_monsterinsights_skip_tracking":false,"_monsterinsights_sitenote_active":false,"_monsterinsights_sitenote_note":"","_monsterinsights_sitenote_category":0},"product_brand":[],"product_cat":[1064,965,1088,829],"product_tag":[200],"class_list":{"0":"post-30168","1":"product","2":"type-product","3":"status-publish","4":"has-post-thumbnail","6":"product_cat-equipamentotatico","7":"product_cat-hatch","8":"product_cat-luvas","9":"product_cat-marcas","10":"product_tag-luva","12":"first","13":"instock","14":"shipping-taxable","15":"purchasable","16":"product-type-variable"},"aioseo_notices":[],"jetpack_sharing_enabled":true,"_links":{"self":[{"href":"https:\/\/milicia-pro.com\/index.php\/wp-json\/wp\/v2\/product\/30168","targetHints":{"allow":["GET"]}}],"collection":[{"href":"https:\/\/milicia-pro.com\/index.php\/wp-json\/wp\/v2\/product"}],"about":[{"href":"https:\/\/milicia-pro.com\/index.php\/wp-json\/wp\/v2\/types\/product"}],"replies":[{"embeddable":true,"href":"https:\/\/milicia-pro.com\/index.php\/wp-json\/wp\/v2\/comments?post=30168"}],"wp:featuredmedia":[{"embeddable":true,"href":"https:\/\/milicia-pro.com\/index.php\/wp-json\/wp\/v2\/media\/26978"}],"wp:attachment":[{"href":"https:\/\/milicia-pro.com\/index.php\/wp-json\/wp\/v2\/media?parent=30168"}],"wp:term":[{"taxonomy":"product_brand","embeddable":true,"href":"https:\/\/milicia-pro.com\/index.php\/wp-json\/wp\/v2\/product_brand?post=30168"},{"taxonomy":"product_cat","embeddable":true,"href":"https:\/\/milicia-pro.com\/index.php\/wp-json\/wp\/v2\/product_cat?post=30168"},{"taxonomy":"product_tag","embeddable":true,"href":"https:\/\/milicia-pro.com\/index.php\/wp-json\/wp\/v2\/product_tag?post=30168"}],"curies":[{"name":"wp","href":"https:\/\/api.w.org\/{rel}","templated":true}]}}