{"id":30167,"date":"2022-09-01T17:03:19","date_gmt":"2022-09-01T17:03:19","guid":{"rendered":"https:\/\/milicia-pro.com\/?post_type=product&#038;p=30167"},"modified":"2026-01-08T11:27:22","modified_gmt":"2026-01-08T11:27:22","slug":"luvas-friskmaster-anti-corte-c-spectra","status":"publish","type":"product","link":"https:\/\/milicia-pro.com\/index.php\/product\/luvas-friskmaster-anti-corte-c-spectra\/","title":{"rendered":"LUVAS FRISKMASTER ANTI CORTE C\/ SPECTRA"},"content":{"rendered":"<p>Esta luva \u00e9 100% em fibra Spectra, o que lhe confere o dobro da resist\u00eancia ao corte comparado com o Kevlar.<\/p>\n<p>Fabricada em pele resistente \u00e0 \u00e1gua, e com punho el\u00e1stico para melhor ajuste.<\/p>\n","protected":false},"excerpt":{"rendered":"<p>Esta luva \u00e9 100% em fibra Spectra, o que lhe confere o dobro da resist\u00eancia ao corte comparado com o Kevlar. Fabricada em pele resistente \u00e0 \u00e1gua, e com punho el\u00e1stico para melhor ajuste.<\/p>\n","protected":false},"featured_media":43607,"comment_status":"open","ping_status":"closed","template":"","meta":{"_monsterinsights_skip_tracking":false,"_monsterinsights_sitenote_active":false,"_monsterinsights_sitenote_note":"","_monsterinsights_sitenote_category":0},"product_brand":[1512],"product_cat":[1064,965,1088,829],"product_tag":[498,200],"class_list":{"0":"post-30167","1":"product","2":"type-product","3":"status-publish","4":"has-post-thumbnail","6":"product_brand-hatch","7":"product_cat-equipamentotatico","8":"product_cat-hatch","9":"product_cat-luvas","10":"product_cat-marcas","11":"product_tag-anti-corte","12":"product_tag-luva","14":"first","15":"instock","16":"shipping-taxable","17":"purchasable","18":"product-type-variable"},"aioseo_notices":[],"jetpack_sharing_enabled":true,"_links":{"self":[{"href":"https:\/\/milicia-pro.com\/index.php\/wp-json\/wp\/v2\/product\/30167","targetHints":{"allow":["GET"]}}],"collection":[{"href":"https:\/\/milicia-pro.com\/index.php\/wp-json\/wp\/v2\/product"}],"about":[{"href":"https:\/\/milicia-pro.com\/index.php\/wp-json\/wp\/v2\/types\/product"}],"replies":[{"embeddable":true,"href":"https:\/\/milicia-pro.com\/index.php\/wp-json\/wp\/v2\/comments?post=30167"}],"wp:featuredmedia":[{"embeddable":true,"href":"https:\/\/milicia-pro.com\/index.php\/wp-json\/wp\/v2\/media\/43607"}],"wp:attachment":[{"href":"https:\/\/milicia-pro.com\/index.php\/wp-json\/wp\/v2\/media?parent=30167"}],"wp:term":[{"taxonomy":"product_brand","embeddable":true,"href":"https:\/\/milicia-pro.com\/index.php\/wp-json\/wp\/v2\/product_brand?post=30167"},{"taxonomy":"product_cat","embeddable":true,"href":"https:\/\/milicia-pro.com\/index.php\/wp-json\/wp\/v2\/product_cat?post=30167"},{"taxonomy":"product_tag","embeddable":true,"href":"https:\/\/milicia-pro.com\/index.php\/wp-json\/wp\/v2\/product_tag?post=30167"}],"curies":[{"name":"wp","href":"https:\/\/api.w.org\/{rel}","templated":true}]}}