{"id":30116,"date":"2022-09-01T15:49:54","date_gmt":"2022-09-01T15:49:54","guid":{"rendered":"https:\/\/milicia-pro.com\/?post_type=product&#038;p=30116"},"modified":"2025-12-15T18:23:38","modified_gmt":"2025-12-15T18:23:38","slug":"combat-shirt-defender","status":"publish","type":"product","link":"https:\/\/milicia-pro.com\/index.php\/product\/combat-shirt-defender\/","title":{"rendered":"COMBAT-SHIRT DEFENDER"},"content":{"rendered":"<p><img loading=\"lazy\" decoding=\"async\" class=\"alignnone size-medium wp-image-15654\" src=\"https:\/\/miliciapro.com\/wp-content\/uploads\/2020\/03\/AR5Q4526A-344x400.jpg\" alt=\"\" width=\"344\" height=\"400\" \/><\/p>\n<p>As t-shirt Defender da First Tactical s\u00e3o o melhor dos dois mundos: desenhada para lidar com qualquer miss\u00e3o, mantendo sempre a apar\u00eancia profissional necess\u00e1ria quando em patrulha normal.<\/p>\n<p>Os bolsos especializados possuem amplo espa\u00e7o para equipamentos extra-grandes e os bolsos nas mangas.<\/p>\n<p>T-shirt perfeita para os climas quentes.<\/p>\n<p>&nbsp;<\/p>\n<div style=\"width: 1020px;\" class=\"wp-video\"><video class=\"wp-video-shortcode\" id=\"video-30116-1\" width=\"1020\" height=\"574\" preload=\"metadata\" controls=\"controls\"><source type=\"video\/mp4\" src=\"https:\/\/miliciapro.com\/wp-content\/uploads\/2020\/03\/FirstTacitcal_DefenderShirt_111004_ODGreen_830_ProductVideo.mp4?_=1\" \/><a href=\"https:\/\/miliciapro.com\/wp-content\/uploads\/2020\/03\/FirstTacitcal_DefenderShirt_111004_ODGreen_830_ProductVideo.mp4\">https:\/\/miliciapro.com\/wp-content\/uploads\/2020\/03\/FirstTacitcal_DefenderShirt_111004_ODGreen_830_ProductVideo.mp4<\/a><\/video><\/div>\n<p>&nbsp;<\/p>\n<p><img decoding=\"async\" src=\"https:\/\/cdn.shopify.com\/s\/files\/1\/1125\/0762\/files\/defender_shirt_web.png?v=17422834403757974476\" \/><\/p>\n","protected":false},"excerpt":{"rendered":"<p>As t-shirt Defender da First Tactical s\u00e3o o melhor dos dois mundos: desenhada para lidar com qualquer miss\u00e3o, mantendo sempre a apar\u00eancia profissional necess\u00e1ria quando em patrulha normal. Os bolsos especializados possuem amplo espa\u00e7o para equipamentos extra-grandes e os bolsos nas mangas. T-shirt perfeita para os climas quentes. &nbsp; &nbsp;<\/p>\n","protected":false},"featured_media":29475,"comment_status":"open","ping_status":"closed","template":"","meta":{"_monsterinsights_skip_tracking":false,"_monsterinsights_sitenote_active":false,"_monsterinsights_sitenote_note":"","_monsterinsights_sitenote_category":0},"product_brand":[],"product_cat":[1083,1448,830,829,1063],"product_tag":[1174,169,320],"class_list":{"0":"post-30116","1":"product","2":"type-product","3":"status-publish","4":"has-post-thumbnail","6":"product_cat-camisola","7":"product_cat-combat-shirt","8":"product_cat-firsttactical","9":"product_cat-marcas","10":"product_cat-vestuario","11":"product_tag-combat-shirt","12":"product_tag-homem","13":"product_tag-t-shirt","15":"first","16":"instock","17":"shipping-taxable","18":"purchasable","19":"product-type-variable"},"aioseo_notices":[],"jetpack_sharing_enabled":true,"_links":{"self":[{"href":"https:\/\/milicia-pro.com\/index.php\/wp-json\/wp\/v2\/product\/30116","targetHints":{"allow":["GET"]}}],"collection":[{"href":"https:\/\/milicia-pro.com\/index.php\/wp-json\/wp\/v2\/product"}],"about":[{"href":"https:\/\/milicia-pro.com\/index.php\/wp-json\/wp\/v2\/types\/product"}],"replies":[{"embeddable":true,"href":"https:\/\/milicia-pro.com\/index.php\/wp-json\/wp\/v2\/comments?post=30116"}],"wp:featuredmedia":[{"embeddable":true,"href":"https:\/\/milicia-pro.com\/index.php\/wp-json\/wp\/v2\/media\/29475"}],"wp:attachment":[{"href":"https:\/\/milicia-pro.com\/index.php\/wp-json\/wp\/v2\/media?parent=30116"}],"wp:term":[{"taxonomy":"product_brand","embeddable":true,"href":"https:\/\/milicia-pro.com\/index.php\/wp-json\/wp\/v2\/product_brand?post=30116"},{"taxonomy":"product_cat","embeddable":true,"href":"https:\/\/milicia-pro.com\/index.php\/wp-json\/wp\/v2\/product_cat?post=30116"},{"taxonomy":"product_tag","embeddable":true,"href":"https:\/\/milicia-pro.com\/index.php\/wp-json\/wp\/v2\/product_tag?post=30116"}],"curies":[{"name":"wp","href":"https:\/\/api.w.org\/{rel}","templated":true}]}}