{"id":29635,"date":"2022-09-01T15:36:15","date_gmt":"2022-09-01T15:36:15","guid":{"rendered":"https:\/\/milicia-pro.com\/?post_type=product&#038;p=29635"},"modified":"2025-07-23T15:31:43","modified_gmt":"2025-07-23T15:31:43","slug":"polo-v2-pro-performance-homem-manga-comprida","status":"publish","type":"product","link":"https:\/\/milicia-pro.com\/index.php\/product\/polo-v2-pro-performance-homem-manga-comprida\/","title":{"rendered":"POLO V2 PRO PERFORMANCE HOMEM -MANGA COMPRIDA"},"content":{"rendered":"<p><img loading=\"lazy\" decoding=\"async\" class=\"alignnone size-medium wp-image-16098\" src=\"https:\/\/miliciapro.com\/wp-content\/uploads\/2020\/03\/UNADJUSTEDNONRAW_thumb_a2-334x400.jpg\" alt=\"\" width=\"334\" height=\"400\" \/><\/p>\n<p>&nbsp;<\/p>\n<p><strong>DETALHES DO PRODUTO<\/strong><\/p>\n<p>O polo V2 Pro Performance de manga comprida tem um design h\u00edbrido desenvolvido com a participa\u00e7\u00e3o dos agentes profissionais.<\/p>\n<p>O resultado \u00e9 um novo tecido mais leve dando maior facilidade de movimentos.<\/p>\n<p>&nbsp;<\/p>\n<p><strong>ESPECIFICA\u00c7\u00d5ES<\/strong><\/p>\n<p>65% Poli\u00e9ster \/ 35% Algod\u00e3o, 3,9 oz de ripstop duplo<\/p>\n<p>Acabamento Teflon\u00ae<\/p>\n<p>Jersey 100% poli\u00e9ster, com acabamento anti-odor<\/p>\n<p>Costuras refor\u00e7adas nas mangas e nos pontos de maior press\u00e3o<\/p>\n<p>O seu design e tecido oferecem uma maior liberdade de movimentos.<\/p>\n<p>Punho com bot\u00f5es de melamina dur\u00e1veis.<\/p>\n<p>Colarinhos vincados, o que d\u00e1 uma apar\u00eancia de camisa.<\/p>\n<p><img loading=\"lazy\" decoding=\"async\" class=\"size-full wp-image-19505 alignleft\" src=\"https:\/\/miliciapro.com\/wp-content\/uploads\/2020\/03\/111015-10.png\" alt=\"\" width=\"206\" height=\"143\" \/><\/p>\n<p>&nbsp;<\/p>\n<p><strong>LIBERDADE DE MOVIMENTOS<\/strong><\/p>\n<p>O design e o tecido V2 oferecem uma ampla gama de movimentos.<\/p>\n<p>&nbsp;<\/p>\n<p>&nbsp;<\/p>\n<p>&nbsp;<\/p>\n<p><strong><img loading=\"lazy\" decoding=\"async\" class=\"alignnone wp-image-19722\" src=\"https:\/\/miliciapro.com\/wp-content\/uploads\/2020\/03\/V2_Pro_Performance_Shirt_Sleeve_Detail_OD_Green-599x400.png\" alt=\"\" width=\"280\" height=\"187\" \/><\/strong><\/p>\n<p><strong>SEMPRE LIMPO E PROFISSIONAL\u00a0<\/strong><\/p>\n<p>Os punhos de manga em tecido apresentam bot\u00f5es de melamina dur\u00e1veis que lhe d\u00e3o uma apar\u00eancia limpa e aprumada.<\/p>\n<p>&nbsp;<\/p>\n<p><img loading=\"lazy\" decoding=\"async\" class=\"size-medium wp-image-19507 alignleft\" src=\"https:\/\/miliciapro.com\/wp-content\/uploads\/2020\/03\/111015-12.png\" alt=\"\" width=\"207\" height=\"140\" \/><\/p>\n<p>&nbsp;<\/p>\n<p><strong>APAR\u00caNCIA PROFISSIONA<\/strong>L<\/p>\n<p>Colarinho integrado ficando os bot\u00f5es ocultos, dando assim uma apar\u00eancia mais profissional.<\/p>\n<p>&nbsp;<\/p>\n","protected":false},"excerpt":{"rendered":"<p>&nbsp; DETALHES DO PRODUTO O polo V2 Pro Performance de manga comprida tem um design h\u00edbrido desenvolvido com a participa\u00e7\u00e3o dos agentes profissionais. O resultado \u00e9 um novo tecido mais leve dando maior facilidade de movimentos. &nbsp; ESPECIFICA\u00c7\u00d5ES 65% Poli\u00e9ster \/ 35% Algod\u00e3o, 3,9 oz de ripstop duplo Acabamento Teflon\u00ae Jersey 100% poli\u00e9ster, com acabamento [&#8230;]\n","protected":false},"featured_media":28801,"comment_status":"open","ping_status":"closed","template":"","meta":{"_monsterinsights_skip_tracking":false,"_monsterinsights_sitenote_active":false,"_monsterinsights_sitenote_note":"","_monsterinsights_sitenote_category":0},"product_brand":[],"product_cat":[830,829,1077,1063],"product_tag":[528,529,530],"class_list":{"0":"post-29635","1":"product","2":"type-product","3":"status-publish","4":"has-post-thumbnail","6":"product_cat-firsttactical","7":"product_cat-marcas","8":"product_cat-polo","9":"product_cat-vestuario","10":"product_tag-manga-comprida","11":"product_tag-operacional","12":"product_tag-polo","14":"first","15":"instock","16":"shipping-taxable","17":"purchasable","18":"product-type-variable"},"aioseo_notices":[],"jetpack_sharing_enabled":true,"_links":{"self":[{"href":"https:\/\/milicia-pro.com\/index.php\/wp-json\/wp\/v2\/product\/29635","targetHints":{"allow":["GET"]}}],"collection":[{"href":"https:\/\/milicia-pro.com\/index.php\/wp-json\/wp\/v2\/product"}],"about":[{"href":"https:\/\/milicia-pro.com\/index.php\/wp-json\/wp\/v2\/types\/product"}],"replies":[{"embeddable":true,"href":"https:\/\/milicia-pro.com\/index.php\/wp-json\/wp\/v2\/comments?post=29635"}],"wp:featuredmedia":[{"embeddable":true,"href":"https:\/\/milicia-pro.com\/index.php\/wp-json\/wp\/v2\/media\/28801"}],"wp:attachment":[{"href":"https:\/\/milicia-pro.com\/index.php\/wp-json\/wp\/v2\/media?parent=29635"}],"wp:term":[{"taxonomy":"product_brand","embeddable":true,"href":"https:\/\/milicia-pro.com\/index.php\/wp-json\/wp\/v2\/product_brand?post=29635"},{"taxonomy":"product_cat","embeddable":true,"href":"https:\/\/milicia-pro.com\/index.php\/wp-json\/wp\/v2\/product_cat?post=29635"},{"taxonomy":"product_tag","embeddable":true,"href":"https:\/\/milicia-pro.com\/index.php\/wp-json\/wp\/v2\/product_tag?post=29635"}],"curies":[{"name":"wp","href":"https:\/\/api.w.org\/{rel}","templated":true}]}}