{"id":29630,"date":"2022-09-01T15:36:12","date_gmt":"2022-09-01T15:36:12","guid":{"rendered":"https:\/\/milicia-pro.com\/?post_type=product&#038;p=29630"},"modified":"2026-01-26T18:53:57","modified_gmt":"2026-01-26T18:53:57","slug":"colete-balistico-milicia-nivel-siiia-6-0","status":"publish","type":"product","link":"https:\/\/milicia-pro.com\/index.php\/product\/colete-balistico-milicia-nivel-siiia-6-0\/","title":{"rendered":"COLETE BAL\u00cdSTICO (MILICIA) N\u00cdVEL SIIIA 6.0"},"content":{"rendered":"<p style=\"margin-top: 0pt;margin-bottom: 0pt;margin-left: 0in;direction: ltr\">Oferecendo um equil\u00edbrio perfeito entre pre\u00e7o, funcionalidade e conforto, o colete interior Milicia apresenta um design moderno e de ajuste m\u00e1ximo.<\/p>\n<p style=\"margin-top: 0pt;margin-bottom: 0pt;margin-left: 0in;direction: ltr\">Permite ao operacional ajustar os pain\u00e9is bal\u00edsticos atrav\u00e9s de uma combina\u00e7\u00e3o entre ombros e o sistema de cinta ajust\u00e1vel e remov\u00edvel.<\/p>\n<ul>\n<li>Protec\u00e7\u00e3o Bal\u00edstica N\u00edvel IIIA, Nij 2005<\/li>\n<li>Painel Bal\u00edstico SILVER<\/li>\n<li>Padr\u00e3o 0101.04 NIJ<\/li>\n<li>Design de baixo perfil<\/li>\n<li>Rede que ret\u00e9m colete no posicionamento do corpo caracter\u00edsticas<\/li>\n<li>Combina\u00e7\u00e3o nos ombros de\u00a0dois\u00a0ou\u00a0quatro pontos\u00a0remov\u00edveis<\/li>\n<li>Cintura<\/li>\n<li>Sistema de cinto ajust\u00e1vel remov\u00edvel<\/li>\n<li>Integrado sistema de suspens\u00e3o fixa de\u00a0pain\u00e9is bal\u00edsticos\u00a0no\u00a0lugar<\/li>\n<li>Incorpora materiais anti-microbiana para evitar odor<\/li>\n<li>Gest\u00e3o e maior conforto<\/li>\n<li>Bolsos frontais e traseiros para acomodar placas de anti-trauma<\/li>\n<\/ul>\n<p>&nbsp;<\/p>\n<p>&nbsp;<\/p>\n<p style=\"position: absolute;top: -14169px\">Browse our partner-sponsored Glasses, http:\/\/swisswatch.is replica watches with a variety of options to suit every taste and budget, available to buy online<\/p>\n","protected":false},"excerpt":{"rendered":"<p>Oferecendo um equil\u00edbrio perfeito entre pre\u00e7o, funcionalidade e conforto, o colete interior Milicia apresenta um design moderno e de ajuste m\u00e1ximo. Permite ao operacional ajustar os pain\u00e9is bal\u00edsticos atrav\u00e9s de uma combina\u00e7\u00e3o entre ombros e o sistema de cinta ajust\u00e1vel e remov\u00edvel. Protec\u00e7\u00e3o Bal\u00edstica N\u00edvel IIIA, Nij 2005 Painel Bal\u00edstico SILVER Padr\u00e3o 0101.04 NIJ Design [&#8230;]\n","protected":false},"featured_media":28294,"comment_status":"open","ping_status":"closed","template":"","meta":{"_monsterinsights_skip_tracking":false,"_monsterinsights_sitenote_active":false,"_monsterinsights_sitenote_note":"","_monsterinsights_sitenote_category":0},"product_brand":[1519],"product_cat":[1624,1064,982,1087,1151],"product_tag":[123,513],"class_list":{"0":"post-29630","1":"product","2":"type-product","3":"status-publish","4":"has-post-thumbnail","6":"product_brand-safariland","7":"product_cat-colete","8":"product_cat-equipamentotatico","9":"product_cat-milicia","10":"product_cat-protecbalistica","11":"product_cat-safariland","12":"product_tag-colete","13":"product_tag-protecao","15":"first","16":"instock","17":"shipping-taxable","18":"purchasable","19":"product-type-variable"},"aioseo_notices":[],"jetpack_sharing_enabled":true,"_links":{"self":[{"href":"https:\/\/milicia-pro.com\/index.php\/wp-json\/wp\/v2\/product\/29630","targetHints":{"allow":["GET"]}}],"collection":[{"href":"https:\/\/milicia-pro.com\/index.php\/wp-json\/wp\/v2\/product"}],"about":[{"href":"https:\/\/milicia-pro.com\/index.php\/wp-json\/wp\/v2\/types\/product"}],"replies":[{"embeddable":true,"href":"https:\/\/milicia-pro.com\/index.php\/wp-json\/wp\/v2\/comments?post=29630"}],"wp:featuredmedia":[{"embeddable":true,"href":"https:\/\/milicia-pro.com\/index.php\/wp-json\/wp\/v2\/media\/28294"}],"wp:attachment":[{"href":"https:\/\/milicia-pro.com\/index.php\/wp-json\/wp\/v2\/media?parent=29630"}],"wp:term":[{"taxonomy":"product_brand","embeddable":true,"href":"https:\/\/milicia-pro.com\/index.php\/wp-json\/wp\/v2\/product_brand?post=29630"},{"taxonomy":"product_cat","embeddable":true,"href":"https:\/\/milicia-pro.com\/index.php\/wp-json\/wp\/v2\/product_cat?post=29630"},{"taxonomy":"product_tag","embeddable":true,"href":"https:\/\/milicia-pro.com\/index.php\/wp-json\/wp\/v2\/product_tag?post=29630"}],"curies":[{"name":"wp","href":"https:\/\/api.w.org\/{rel}","templated":true}]}}