{"id":29615,"date":"2022-09-01T15:35:52","date_gmt":"2022-09-01T15:35:52","guid":{"rendered":"https:\/\/milicia-pro.com\/?post_type=product&#038;p=29615"},"modified":"2026-01-07T17:01:30","modified_gmt":"2026-01-07T17:01:30","slug":"cotoveleira-tactica-hatch","status":"publish","type":"product","link":"https:\/\/milicia-pro.com\/index.php\/product\/cotoveleira-tactica-hatch\/","title":{"rendered":"COTOVELEIRA T\u00c1CTICA HATCH"},"content":{"rendered":"<p align=\"justify\">As cotoveleiras da Hatch s\u00e3o extremamente leves, flex\u00edveis e com uma prote\u00e7\u00e3o superior. Apresenta uma maior resist\u00eancia ao choque e flexibilidade que se adapta a todos os seus movimentos. A sua composi\u00e7\u00e3o de uretano pl\u00e1stico t\u00e9rmico (TPU) com uma constru\u00e7\u00e3o de nylon Cordura\u00ae e a espuma EVA de alta densidade oferece absor\u00e7\u00e3o de choque superior. A superf\u00edcie interna do CoolMax\u00ae absorve a humidade e a superf\u00edcie interna antiderrapante ajuda a manter a almofada presa. Ajusta-se com correias em spandex com clipes de implanta\u00e7\u00e3o r\u00e1pida Hatch e fecho de velcro para ajuste seguro.<\/p>\n","protected":false},"excerpt":{"rendered":"<p>As cotoveleiras da Hatch s\u00e3o extremamente leves, flex\u00edveis e com uma prote\u00e7\u00e3o superior. Apresenta uma maior resist\u00eancia ao choque e flexibilidade que se adapta a todos os seus movimentos. A sua composi\u00e7\u00e3o de uretano pl\u00e1stico t\u00e9rmico (TPU) com uma constru\u00e7\u00e3o de nylon Cordura\u00ae e a espuma EVA de alta densidade oferece absor\u00e7\u00e3o de choque superior. [&#8230;]\n","protected":false},"featured_media":28238,"comment_status":"open","ping_status":"closed","template":"","meta":{"_monsterinsights_skip_tracking":false,"_monsterinsights_sitenote_active":false,"_monsterinsights_sitenote_note":"","_monsterinsights_sitenote_category":0},"product_brand":[1512],"product_cat":[1091,1064,965,829],"product_tag":[129],"class_list":{"0":"post-29615","1":"product","2":"type-product","3":"status-publish","4":"has-post-thumbnail","6":"product_brand-hatch","7":"product_cat-cotoveleirajoelheira","8":"product_cat-equipamentotatico","9":"product_cat-hatch","10":"product_cat-marcas","11":"product_tag-cotoveleira","13":"first","14":"instock","15":"shipping-taxable","16":"purchasable","17":"product-type-variable"},"aioseo_notices":[],"jetpack_sharing_enabled":true,"_links":{"self":[{"href":"https:\/\/milicia-pro.com\/index.php\/wp-json\/wp\/v2\/product\/29615","targetHints":{"allow":["GET"]}}],"collection":[{"href":"https:\/\/milicia-pro.com\/index.php\/wp-json\/wp\/v2\/product"}],"about":[{"href":"https:\/\/milicia-pro.com\/index.php\/wp-json\/wp\/v2\/types\/product"}],"replies":[{"embeddable":true,"href":"https:\/\/milicia-pro.com\/index.php\/wp-json\/wp\/v2\/comments?post=29615"}],"wp:featuredmedia":[{"embeddable":true,"href":"https:\/\/milicia-pro.com\/index.php\/wp-json\/wp\/v2\/media\/28238"}],"wp:attachment":[{"href":"https:\/\/milicia-pro.com\/index.php\/wp-json\/wp\/v2\/media?parent=29615"}],"wp:term":[{"taxonomy":"product_brand","embeddable":true,"href":"https:\/\/milicia-pro.com\/index.php\/wp-json\/wp\/v2\/product_brand?post=29615"},{"taxonomy":"product_cat","embeddable":true,"href":"https:\/\/milicia-pro.com\/index.php\/wp-json\/wp\/v2\/product_cat?post=29615"},{"taxonomy":"product_tag","embeddable":true,"href":"https:\/\/milicia-pro.com\/index.php\/wp-json\/wp\/v2\/product_tag?post=29615"}],"curies":[{"name":"wp","href":"https:\/\/api.w.org\/{rel}","templated":true}]}}