{"id":29614,"date":"2022-09-01T15:35:51","date_gmt":"2022-09-01T15:35:51","guid":{"rendered":"https:\/\/milicia-pro.com\/?post_type=product&#038;p=29614"},"modified":"2024-12-19T09:43:32","modified_gmt":"2024-12-19T09:43:32","slug":"lanterna-g2-nitrolon","status":"publish","type":"product","link":"https:\/\/milicia-pro.com\/index.php\/product\/lanterna-g2-nitrolon\/","title":{"rendered":"LANTERNA G2\u00ae NITROLON\u00ae"},"content":{"rendered":"<ul>\n<li>Utens\u00edlio de Defesa pessoal, brilhante o suficiente para temporariamente ofuscar o oponente.<\/li>\n<li>L\u00e2mpada \u2013 SureFire P60 <strong>X\u00e9non<\/strong> 65 lumens \/ 60 minutos<\/li>\n<li>Raio Branco sem falhas, sempre focado<\/li>\n<li>Excelente rela\u00e7\u00e3o qualidade\/pre\u00e7o<\/li>\n<li>Duas baterias de lithium 3.0 Volt (inclu\u00eddas)<\/li>\n<li>Em Nitrolon \u2013 Resistente a Corros\u00e3o, a Impactos Lexan, N\u00e3o Condutora<\/li>\n<li>Comprimento e peso (com bateria) \u2013 12,45 cm \/ 113 gr<\/li>\n<li>Pode ser convertida numa lanterna recarreg\u00e1vel com o kit de convers\u00e3o KR1 ( n\u00e3o inclu\u00eddo)<\/li>\n<\/ul>\n<p>&nbsp;<\/p>\n","protected":false},"excerpt":{"rendered":"<p>&nbsp;<\/p>\n<p>&nbsp;<\/p>\n","protected":false},"featured_media":39979,"comment_status":"open","ping_status":"closed","template":"","meta":{"_monsterinsights_skip_tracking":false,"_monsterinsights_sitenote_active":false,"_monsterinsights_sitenote_note":"","_monsterinsights_sitenote_category":0},"product_brand":[],"product_cat":[1064,1090,829,1170],"product_tag":[193],"class_list":{"0":"post-29614","1":"product","2":"type-product","3":"status-publish","4":"has-post-thumbnail","6":"product_cat-equipamentotatico","7":"product_cat-lanterna","8":"product_cat-marcas","9":"product_cat-surefire","10":"product_tag-lanterna","12":"first","13":"outofstock","14":"shipping-taxable","15":"purchasable","16":"product-type-variable"},"aioseo_notices":[],"jetpack_sharing_enabled":true,"_links":{"self":[{"href":"https:\/\/milicia-pro.com\/index.php\/wp-json\/wp\/v2\/product\/29614","targetHints":{"allow":["GET"]}}],"collection":[{"href":"https:\/\/milicia-pro.com\/index.php\/wp-json\/wp\/v2\/product"}],"about":[{"href":"https:\/\/milicia-pro.com\/index.php\/wp-json\/wp\/v2\/types\/product"}],"replies":[{"embeddable":true,"href":"https:\/\/milicia-pro.com\/index.php\/wp-json\/wp\/v2\/comments?post=29614"}],"wp:featuredmedia":[{"embeddable":true,"href":"https:\/\/milicia-pro.com\/index.php\/wp-json\/wp\/v2\/media\/39979"}],"wp:attachment":[{"href":"https:\/\/milicia-pro.com\/index.php\/wp-json\/wp\/v2\/media?parent=29614"}],"wp:term":[{"taxonomy":"product_brand","embeddable":true,"href":"https:\/\/milicia-pro.com\/index.php\/wp-json\/wp\/v2\/product_brand?post=29614"},{"taxonomy":"product_cat","embeddable":true,"href":"https:\/\/milicia-pro.com\/index.php\/wp-json\/wp\/v2\/product_cat?post=29614"},{"taxonomy":"product_tag","embeddable":true,"href":"https:\/\/milicia-pro.com\/index.php\/wp-json\/wp\/v2\/product_tag?post=29614"}],"curies":[{"name":"wp","href":"https:\/\/api.w.org\/{rel}","templated":true}]}}