{"id":29611,"date":"2022-09-01T15:35:49","date_gmt":"2022-09-01T15:35:49","guid":{"rendered":"https:\/\/milicia-pro.com\/?post_type=product&#038;p=29611"},"modified":"2025-11-03T14:54:59","modified_gmt":"2025-11-03T14:54:59","slug":"ext-perna-c-kit-de-extracao-rapida-1-cinta-pequeno","status":"publish","type":"product","link":"https:\/\/milicia-pro.com\/index.php\/product\/ext-perna-c-kit-de-extracao-rapida-1-cinta-pequeno\/","title":{"rendered":"EXT. PERNA C\/ KIT DE EXTRA\u00c7\u00c3O RAPIDA 1 CINTA PEQUENO"},"content":{"rendered":"<p>Com este extendedor poder\u00e1 aplicar qualquer coldre e aplicar mais acess\u00f3rios.<\/p>\n<p>Com Kit de extrac\u00e7\u00e3o r\u00e1pida<\/p>\n<p>Acess\u00f3rios n\u00e3o est\u00e3o incluidos.<\/p>\n<p>Dispon\u00edvel apenas em preto<\/p>\n","protected":false},"excerpt":{"rendered":"<p>Com este extendedor poder\u00e1 aplicar qualquer coldre e aplicar mais acess\u00f3rios. Com Kit de extrac\u00e7\u00e3o r\u00e1pida Acess\u00f3rios n\u00e3o est\u00e3o incluidos. Dispon\u00edvel apenas em preto<\/p>\n","protected":false},"featured_media":28243,"comment_status":"open","ping_status":"closed","template":"","meta":{"_monsterinsights_skip_tracking":false,"_monsterinsights_sitenote_active":false,"_monsterinsights_sitenote_note":"","_monsterinsights_sitenote_category":0},"product_brand":[],"product_cat":[1115,1064,829,1151],"product_tag":[1469],"class_list":{"0":"post-29611","1":"product","2":"type-product","3":"status-publish","4":"has-post-thumbnail","6":"product_cat-acessorios-armas","7":"product_cat-equipamentotatico","8":"product_cat-marcas","9":"product_cat-safariland","10":"product_tag-extensor-de-perna","12":"first","13":"instock","14":"shipping-taxable","15":"purchasable","16":"product-type-variable"},"aioseo_notices":[],"jetpack_sharing_enabled":true,"_links":{"self":[{"href":"https:\/\/milicia-pro.com\/index.php\/wp-json\/wp\/v2\/product\/29611","targetHints":{"allow":["GET"]}}],"collection":[{"href":"https:\/\/milicia-pro.com\/index.php\/wp-json\/wp\/v2\/product"}],"about":[{"href":"https:\/\/milicia-pro.com\/index.php\/wp-json\/wp\/v2\/types\/product"}],"replies":[{"embeddable":true,"href":"https:\/\/milicia-pro.com\/index.php\/wp-json\/wp\/v2\/comments?post=29611"}],"wp:featuredmedia":[{"embeddable":true,"href":"https:\/\/milicia-pro.com\/index.php\/wp-json\/wp\/v2\/media\/28243"}],"wp:attachment":[{"href":"https:\/\/milicia-pro.com\/index.php\/wp-json\/wp\/v2\/media?parent=29611"}],"wp:term":[{"taxonomy":"product_brand","embeddable":true,"href":"https:\/\/milicia-pro.com\/index.php\/wp-json\/wp\/v2\/product_brand?post=29611"},{"taxonomy":"product_cat","embeddable":true,"href":"https:\/\/milicia-pro.com\/index.php\/wp-json\/wp\/v2\/product_cat?post=29611"},{"taxonomy":"product_tag","embeddable":true,"href":"https:\/\/milicia-pro.com\/index.php\/wp-json\/wp\/v2\/product_tag?post=29611"}],"curies":[{"name":"wp","href":"https:\/\/api.w.org\/{rel}","templated":true}]}}