{"id":29610,"date":"2022-09-01T15:35:49","date_gmt":"2022-09-01T15:35:49","guid":{"rendered":"https:\/\/milicia-pro.com\/?post_type=product&#038;p=29610"},"modified":"2025-07-04T09:25:34","modified_gmt":"2025-07-04T09:25:34","slug":"coldre-de-perna-glock-19-23-stx-hood","status":"publish","type":"product","link":"https:\/\/milicia-pro.com\/index.php\/product\/coldre-de-perna-glock-19-23-stx-hood\/","title":{"rendered":"COLDRE DE PERNA GLOCK 19,23 STX HOOD"},"content":{"rendered":"<p>Coldre de servi\u00e7o com n\u00edvel II de reten\u00e7\u00e3o e extrac\u00e7\u00e3o r\u00e1pida.<\/p>\n<p>Se quiser tornar o 6004 num n\u00edvel III de reten\u00e7\u00e3o pode-se adaptar um <i>Sentry<\/i> (n\u00e3o inclu\u00eddo)<\/p>\n<p>A sua concep\u00e7\u00e3o ergon\u00f3mica permite um transporte seguro e eficiente da arma, sem que a mesma balance ou saia do coldre, mesmo em corrida.<\/p>\n<p>Com SLS (<i>Self Locking Syste<\/i><i>m<\/i>)<\/p>\n<p>Em Safari Laminate<\/p>\n<p>Um aspecto particular do modelo 6004 s\u00e3o as duplas tiras de aperto para a perna, que proporcionam conforto e estabilidade.<\/p>\n<p>Sistema modular, com a possibilidade de adaptar outro tipo de acess\u00f3rios.Gra\u00e7as aos nossos parceiros, pode encontrar gravatas online para todos os gostos e or\u00e7amentos, https:\/\/fakewatch.is desde modelos econ\u00f3micos aos mais elegantes e sofisticados.<\/p>\n<p align=\"justify\">Para armas diferentes das apresentadas, por favor contacte os nossos servi\u00e7os comerciais.<\/p>\n","protected":false},"excerpt":{"rendered":"<p>APENAS VENDA A PROFISSIONAIS COM OBRIGA\u00c7\u00c3O DE IDENTIFICA\u00c7\u00c3O<\/p>\n","protected":false},"featured_media":28302,"comment_status":"open","ping_status":"closed","template":"","meta":{"_monsterinsights_skip_tracking":false,"_monsterinsights_sitenote_active":false,"_monsterinsights_sitenote_note":"","_monsterinsights_sitenote_category":0},"product_brand":[],"product_cat":[1085,1064,829,1151],"product_tag":[607],"class_list":{"0":"post-29610","1":"product","2":"type-product","3":"status-publish","4":"has-post-thumbnail","6":"product_cat-coldre","7":"product_cat-equipamentotatico","8":"product_cat-marcas","9":"product_cat-safariland","10":"product_tag-coldre","12":"first","13":"instock","14":"shipping-taxable","15":"purchasable","16":"product-type-variable"},"aioseo_notices":[],"jetpack_sharing_enabled":true,"_links":{"self":[{"href":"https:\/\/milicia-pro.com\/index.php\/wp-json\/wp\/v2\/product\/29610","targetHints":{"allow":["GET"]}}],"collection":[{"href":"https:\/\/milicia-pro.com\/index.php\/wp-json\/wp\/v2\/product"}],"about":[{"href":"https:\/\/milicia-pro.com\/index.php\/wp-json\/wp\/v2\/types\/product"}],"replies":[{"embeddable":true,"href":"https:\/\/milicia-pro.com\/index.php\/wp-json\/wp\/v2\/comments?post=29610"}],"wp:featuredmedia":[{"embeddable":true,"href":"https:\/\/milicia-pro.com\/index.php\/wp-json\/wp\/v2\/media\/28302"}],"wp:attachment":[{"href":"https:\/\/milicia-pro.com\/index.php\/wp-json\/wp\/v2\/media?parent=29610"}],"wp:term":[{"taxonomy":"product_brand","embeddable":true,"href":"https:\/\/milicia-pro.com\/index.php\/wp-json\/wp\/v2\/product_brand?post=29610"},{"taxonomy":"product_cat","embeddable":true,"href":"https:\/\/milicia-pro.com\/index.php\/wp-json\/wp\/v2\/product_cat?post=29610"},{"taxonomy":"product_tag","embeddable":true,"href":"https:\/\/milicia-pro.com\/index.php\/wp-json\/wp\/v2\/product_tag?post=29610"}],"curies":[{"name":"wp","href":"https:\/\/api.w.org\/{rel}","templated":true}]}}