{"id":29608,"date":"2022-09-01T15:35:49","date_gmt":"2022-09-01T15:35:49","guid":{"rendered":"https:\/\/milicia-pro.com\/?post_type=product&#038;p=29608"},"modified":"2025-10-27T10:13:05","modified_gmt":"2025-10-27T10:13:05","slug":"cinturao-safariland-2-nylon-pvc","status":"publish","type":"product","link":"https:\/\/milicia-pro.com\/index.php\/product\/cinturao-safariland-2-nylon-pvc\/","title":{"rendered":"CINTUR\u00c3O SAFARILAND 2&#8243; NYLON PVC"},"content":{"rendered":"<p>Cintur\u00e3o Nylon semi-r\u00edgido<\/p>\n<p>Com Triplo fecho de seguran\u00e7a<\/p>\n<p>Ajust\u00e1vel com velcro<\/p>\n","protected":false},"excerpt":{"rendered":"<p>Cintur\u00e3o Nylon semi-r\u00edgido Com Triplo fecho de seguran\u00e7a Ajust\u00e1vel com velcro<\/p>\n","protected":false},"featured_media":27674,"comment_status":"open","ping_status":"closed","template":"","meta":{"_monsterinsights_skip_tracking":false,"_monsterinsights_sitenote_active":false,"_monsterinsights_sitenote_note":"","_monsterinsights_sitenote_category":0},"product_brand":[1519],"product_cat":[1153,829,1151,1063],"product_tag":[118,326],"class_list":{"0":"post-29608","1":"product","2":"type-product","3":"status-publish","4":"has-post-thumbnail","6":"product_brand-safariland","7":"product_cat-cinto","8":"product_cat-marcas","9":"product_cat-safariland","10":"product_cat-vestuario","11":"product_tag-cinturao","12":"product_tag-tatico","14":"first","15":"instock","16":"shipping-taxable","17":"purchasable","18":"product-type-variable"},"aioseo_notices":[],"jetpack_sharing_enabled":true,"_links":{"self":[{"href":"https:\/\/milicia-pro.com\/index.php\/wp-json\/wp\/v2\/product\/29608","targetHints":{"allow":["GET"]}}],"collection":[{"href":"https:\/\/milicia-pro.com\/index.php\/wp-json\/wp\/v2\/product"}],"about":[{"href":"https:\/\/milicia-pro.com\/index.php\/wp-json\/wp\/v2\/types\/product"}],"replies":[{"embeddable":true,"href":"https:\/\/milicia-pro.com\/index.php\/wp-json\/wp\/v2\/comments?post=29608"}],"wp:featuredmedia":[{"embeddable":true,"href":"https:\/\/milicia-pro.com\/index.php\/wp-json\/wp\/v2\/media\/27674"}],"wp:attachment":[{"href":"https:\/\/milicia-pro.com\/index.php\/wp-json\/wp\/v2\/media?parent=29608"}],"wp:term":[{"taxonomy":"product_brand","embeddable":true,"href":"https:\/\/milicia-pro.com\/index.php\/wp-json\/wp\/v2\/product_brand?post=29608"},{"taxonomy":"product_cat","embeddable":true,"href":"https:\/\/milicia-pro.com\/index.php\/wp-json\/wp\/v2\/product_cat?post=29608"},{"taxonomy":"product_tag","embeddable":true,"href":"https:\/\/milicia-pro.com\/index.php\/wp-json\/wp\/v2\/product_tag?post=29608"}],"curies":[{"name":"wp","href":"https:\/\/api.w.org\/{rel}","templated":true}]}}