{"id":29607,"date":"2022-09-01T15:35:49","date_gmt":"2022-09-01T15:35:49","guid":{"rendered":"https:\/\/milicia-pro.com\/?post_type=product&#038;p=29607"},"modified":"2025-09-24T15:52:47","modified_gmt":"2025-09-24T15:52:47","slug":"coldre-de-tornozelo-glock-2627","status":"publish","type":"product","link":"https:\/\/milicia-pro.com\/index.php\/product\/coldre-de-tornozelo-glock-2627\/","title":{"rendered":"COLDRE DE TORNOZELO GLOCK 26,27"},"content":{"rendered":"<p align=\"justify\">Coldre de tornozelo c\u00f3modo e discreto<\/p>\n<p align=\"justify\">Chegou um novo conceito Safariland, mat\u00e9m a sua arma escondida e com maior conforto.<\/p>\n<p align=\"justify\">\u00c9 um sistema projectado, leve com uma tira de suporte que pode ser usada com sapatos sociais ou na parte superior da bota, impedindo o movimento descendente da arma do coldre.<\/p>\n<p align=\"justify\">Permite-lhe uma utiliza\u00e7\u00e3o mais c\u00f3modo e confort\u00e1vel.<\/p>\n<p align=\"justify\">Para Glock 26,27 Direito<\/p>\n","protected":false},"excerpt":{"rendered":"<p>Coldre de tornozelo c\u00f3modo e discreto Chegou um novo conceito Safariland, mat\u00e9m a sua arma escondida e com maior conforto. \u00c9 um sistema projectado, leve com uma tira de suporte que pode ser usada com sapatos sociais ou na parte superior da bota, impedindo o movimento descendente da arma do coldre. Permite-lhe uma utiliza\u00e7\u00e3o mais [&#8230;]\n","protected":false},"featured_media":28124,"comment_status":"open","ping_status":"closed","template":"","meta":{"_monsterinsights_skip_tracking":false,"_monsterinsights_sitenote_active":false,"_monsterinsights_sitenote_note":"","_monsterinsights_sitenote_category":0},"product_brand":[1519],"product_cat":[1085,1064,829,1151],"product_tag":[607,608,1139,1155],"class_list":{"0":"post-29607","1":"product","2":"type-product","3":"status-publish","4":"has-post-thumbnail","6":"product_brand-safariland","7":"product_cat-coldre","8":"product_cat-equipamentotatico","9":"product_cat-marcas","10":"product_cat-safariland","11":"product_tag-coldre","12":"product_tag-glock","13":"product_tag-perna","14":"product_tag-tornozelo","16":"first","17":"instock","18":"shipping-taxable","19":"purchasable","20":"product-type-variable"},"aioseo_notices":[],"jetpack_sharing_enabled":true,"_links":{"self":[{"href":"https:\/\/milicia-pro.com\/index.php\/wp-json\/wp\/v2\/product\/29607","targetHints":{"allow":["GET"]}}],"collection":[{"href":"https:\/\/milicia-pro.com\/index.php\/wp-json\/wp\/v2\/product"}],"about":[{"href":"https:\/\/milicia-pro.com\/index.php\/wp-json\/wp\/v2\/types\/product"}],"replies":[{"embeddable":true,"href":"https:\/\/milicia-pro.com\/index.php\/wp-json\/wp\/v2\/comments?post=29607"}],"wp:featuredmedia":[{"embeddable":true,"href":"https:\/\/milicia-pro.com\/index.php\/wp-json\/wp\/v2\/media\/28124"}],"wp:attachment":[{"href":"https:\/\/milicia-pro.com\/index.php\/wp-json\/wp\/v2\/media?parent=29607"}],"wp:term":[{"taxonomy":"product_brand","embeddable":true,"href":"https:\/\/milicia-pro.com\/index.php\/wp-json\/wp\/v2\/product_brand?post=29607"},{"taxonomy":"product_cat","embeddable":true,"href":"https:\/\/milicia-pro.com\/index.php\/wp-json\/wp\/v2\/product_cat?post=29607"},{"taxonomy":"product_tag","embeddable":true,"href":"https:\/\/milicia-pro.com\/index.php\/wp-json\/wp\/v2\/product_tag?post=29607"}],"curies":[{"name":"wp","href":"https:\/\/api.w.org\/{rel}","templated":true}]}}