{"id":29603,"date":"2022-09-01T15:35:47","date_gmt":"2022-09-01T15:35:47","guid":{"rendered":"https:\/\/milicia-pro.com\/?post_type=product&#038;p=29603"},"modified":"2025-09-24T15:54:24","modified_gmt":"2025-09-24T15:54:24","slug":"adaptador-saque-rapido-p-acessorios","status":"publish","type":"product","link":"https:\/\/milicia-pro.com\/index.php\/product\/adaptador-saque-rapido-p-acessorios\/","title":{"rendered":"ADAPTADOR SAQUE R\u00c1PIDO P\/ ACESS\u00d3RIOS"},"content":{"rendered":"<div style=\"width: 640px;\" class=\"wp-video\"><video class=\"wp-video-shortcode\" id=\"video-29603-1\" width=\"640\" height=\"352\" preload=\"metadata\" controls=\"controls\"><source type=\"video\/mp4\" src=\"https:\/\/milicia-pro.com\/wp-content\/uploads\/2022\/09\/videoplayback.mp4?_=1\" \/><a href=\"https:\/\/milicia-pro.com\/wp-content\/uploads\/2022\/09\/videoplayback.mp4\">https:\/\/milicia-pro.com\/wp-content\/uploads\/2022\/09\/videoplayback.mp4<\/a><\/video><\/div>\n<p>O KIT ELS da Safariland \u00e9 para ser montado num cinto de sistema de competi\u00e7\u00e3o, utilizado para travamento do equipamento Safariland.<\/p>\n<p>O KIT ELS apresenta um garfo de travamento ELS 34 e a placa recetora ELS 35.<\/p>\n<p>Este KIT fornece uma plataforma de montagem para acess\u00f3rios t\u00e1ticos ou de competi\u00e7\u00e3o a serem colocados em v\u00e1rios locais, incluindo clipes de cinto, equipamentos t\u00e1ticos ou diretamente em loops MOLLE com uso de um garfo de bloqueio MLS 16. Este KIT pode ser utilizado para a fixa\u00e7\u00e3o e desmontagem r\u00e1pida de acess\u00f3rios. Cada KIT ELS inclui (2) garfos de travamento ELS 34 e (2) placas recetoras ELS 35<\/p>\n","protected":false},"excerpt":{"rendered":"<p>O KIT ELS da Safariland \u00e9 para ser montado num cinto de sistema de competi\u00e7\u00e3o, utilizado para travamento do equipamento Safariland. O KIT ELS apresenta um garfo de travamento ELS 34 e a placa recetora ELS 35. Este KIT fornece uma plataforma de montagem para acess\u00f3rios t\u00e1ticos ou de competi\u00e7\u00e3o a serem colocados em v\u00e1rios [&#8230;]\n","protected":false},"featured_media":28202,"comment_status":"open","ping_status":"closed","template":"","meta":{"_monsterinsights_skip_tracking":false,"_monsterinsights_sitenote_active":false,"_monsterinsights_sitenote_note":"","_monsterinsights_sitenote_category":0},"product_brand":[1519],"product_cat":[1115,1064,829,1151],"product_tag":[868,116,607],"class_list":{"0":"post-29603","1":"product","2":"type-product","3":"status-publish","4":"has-post-thumbnail","6":"product_brand-safariland","7":"product_cat-acessorios-armas","8":"product_cat-equipamentotatico","9":"product_cat-marcas","10":"product_cat-safariland","11":"product_tag-acessorios","12":"product_tag-cinto","13":"product_tag-coldre","15":"first","16":"instock","17":"shipping-taxable","18":"purchasable","19":"product-type-variable"},"aioseo_notices":[],"jetpack_sharing_enabled":true,"_links":{"self":[{"href":"https:\/\/milicia-pro.com\/index.php\/wp-json\/wp\/v2\/product\/29603","targetHints":{"allow":["GET"]}}],"collection":[{"href":"https:\/\/milicia-pro.com\/index.php\/wp-json\/wp\/v2\/product"}],"about":[{"href":"https:\/\/milicia-pro.com\/index.php\/wp-json\/wp\/v2\/types\/product"}],"replies":[{"embeddable":true,"href":"https:\/\/milicia-pro.com\/index.php\/wp-json\/wp\/v2\/comments?post=29603"}],"wp:featuredmedia":[{"embeddable":true,"href":"https:\/\/milicia-pro.com\/index.php\/wp-json\/wp\/v2\/media\/28202"}],"wp:attachment":[{"href":"https:\/\/milicia-pro.com\/index.php\/wp-json\/wp\/v2\/media?parent=29603"}],"wp:term":[{"taxonomy":"product_brand","embeddable":true,"href":"https:\/\/milicia-pro.com\/index.php\/wp-json\/wp\/v2\/product_brand?post=29603"},{"taxonomy":"product_cat","embeddable":true,"href":"https:\/\/milicia-pro.com\/index.php\/wp-json\/wp\/v2\/product_cat?post=29603"},{"taxonomy":"product_tag","embeddable":true,"href":"https:\/\/milicia-pro.com\/index.php\/wp-json\/wp\/v2\/product_tag?post=29603"}],"curies":[{"name":"wp","href":"https:\/\/api.w.org\/{rel}","templated":true}]}}