{"id":29601,"date":"2022-09-01T15:35:47","date_gmt":"2022-09-01T15:35:47","guid":{"rendered":"https:\/\/milicia-pro.com\/?post_type=product&#038;p=29601"},"modified":"2026-01-07T15:29:13","modified_gmt":"2026-01-07T15:29:13","slug":"luva-operator-hard-knuckle-350","status":"publish","type":"product","link":"https:\/\/milicia-pro.com\/index.php\/product\/luva-operator-hard-knuckle-350\/","title":{"rendered":"LUVA OPERATOR HARD KNUCKE 350"},"content":{"rendered":"<p align=\"justify\"><b>Luva Operator\u2122 HK<\/b>A\u00a0 oferece uma extraordin\u00e1ria prote\u00e7\u00e3o nos n\u00f3s dos dedos com espuma de alta densidade para proteger contra eventuais agress\u00f5es.<\/p>\n<ul>\n<li>Punho com el\u00e1stico e fecho ajust\u00e1vel em velcro para um ajuste perfeito<\/li>\n<li>Palma da m\u00e3o em pele de cabra com tratamento imperme\u00e1vel, para manter as m\u00e3os secas.<\/li>\n<li>Pele laminada PVC nos n\u00f3s dos dedos oferece prote\u00e7\u00e3o e abafa o barulho Cont\u00e9m 100% KEVLAR\u00ae<\/li>\n<li>Possibilidade de extrair a extremidade do dedo indicador para melhor controlo da arma<\/li>\n<li>Ideal para equipas SWAT e t\u00e1ticas, grupos militares.<\/li>\n<\/ul>\n<p>&nbsp;<\/p>\n","protected":false},"excerpt":{"rendered":"<p>OBS: REQUER VERIFICA\u00c7\u00c3O DE STOCK<\/p>\n","protected":false},"featured_media":27934,"comment_status":"open","ping_status":"closed","template":"","meta":{"_monsterinsights_skip_tracking":false,"_monsterinsights_sitenote_active":false,"_monsterinsights_sitenote_note":"","_monsterinsights_sitenote_category":0},"product_brand":[1512],"product_cat":[1064,965,1088,829],"product_tag":[846],"class_list":{"0":"post-29601","1":"product","2":"type-product","3":"status-publish","4":"has-post-thumbnail","6":"product_brand-hatch","7":"product_cat-equipamentotatico","8":"product_cat-hatch","9":"product_cat-luvas","10":"product_cat-marcas","11":"product_tag-luvas","13":"first","14":"instock","15":"shipping-taxable","16":"purchasable","17":"product-type-variable"},"aioseo_notices":[],"jetpack_sharing_enabled":true,"_links":{"self":[{"href":"https:\/\/milicia-pro.com\/index.php\/wp-json\/wp\/v2\/product\/29601","targetHints":{"allow":["GET"]}}],"collection":[{"href":"https:\/\/milicia-pro.com\/index.php\/wp-json\/wp\/v2\/product"}],"about":[{"href":"https:\/\/milicia-pro.com\/index.php\/wp-json\/wp\/v2\/types\/product"}],"replies":[{"embeddable":true,"href":"https:\/\/milicia-pro.com\/index.php\/wp-json\/wp\/v2\/comments?post=29601"}],"wp:featuredmedia":[{"embeddable":true,"href":"https:\/\/milicia-pro.com\/index.php\/wp-json\/wp\/v2\/media\/27934"}],"wp:attachment":[{"href":"https:\/\/milicia-pro.com\/index.php\/wp-json\/wp\/v2\/media?parent=29601"}],"wp:term":[{"taxonomy":"product_brand","embeddable":true,"href":"https:\/\/milicia-pro.com\/index.php\/wp-json\/wp\/v2\/product_brand?post=29601"},{"taxonomy":"product_cat","embeddable":true,"href":"https:\/\/milicia-pro.com\/index.php\/wp-json\/wp\/v2\/product_cat?post=29601"},{"taxonomy":"product_tag","embeddable":true,"href":"https:\/\/milicia-pro.com\/index.php\/wp-json\/wp\/v2\/product_tag?post=29601"}],"curies":[{"name":"wp","href":"https:\/\/api.w.org\/{rel}","templated":true}]}}