{"id":29599,"date":"2022-09-01T15:35:46","date_gmt":"2022-09-01T15:35:46","guid":{"rendered":"https:\/\/milicia-pro.com\/?post_type=product&#038;p=29599"},"modified":"2026-01-08T10:01:23","modified_gmt":"2026-01-08T10:01:23","slug":"luvas-reactor-hard-knuckle","status":"publish","type":"product","link":"https:\/\/milicia-pro.com\/index.php\/product\/luvas-reactor-hard-knuckle\/","title":{"rendered":"LUVAS REACTOR HARD KNUCKLE"},"content":{"rendered":"<p align=\"justify\"><strong>Luva Reactor \u2122 Esta luva de couro<\/strong><\/p>\n<p align=\"justify\">Com caracter\u00edsticas \u00fanicas abrangidas num design r\u00edgido junta com um preenchimento na palma da m\u00e3o e ao redor das bordas externas da m\u00e3o para a protec\u00e7\u00e3o excelente.<\/p>\n<p align=\"justify\">Concebido para todas as equipas da SWAT; for\u00e7as militares terrestres de combate em ve\u00edculos mecanizados e For\u00e7as Especiais.<\/p>\n<p align=\"justify\">Comprimento de pulso com fechamento de velcro para um ajuste seguro, protegendo o pulso exteriormente.<\/p>\n<p align=\"justify\">Com um tratamento de couro que permite a durabilidade e \u00e0 prova \u00e1gua para manter as m\u00e3os secas.<\/p>\n<p align=\"justify\">PVC antiderrapante nas pontas dos dedos indicador e m\u00e9dio para proporcionar uma maior ader\u00eancia e destreza na manipula\u00e7\u00e3o de pequenos objectos, High-density da espuma para protec\u00e7\u00e3o dos dedos completo.<\/p>\n<p align=\"justify\">\n","protected":false},"excerpt":{"rendered":"<p>Luva Reactor \u2122 Esta luva de couro Com caracter\u00edsticas \u00fanicas abrangidas num design r\u00edgido junta com um preenchimento na palma da m\u00e3o e ao redor das bordas externas da m\u00e3o para a protec\u00e7\u00e3o excelente. Concebido para todas as equipas da SWAT; for\u00e7as militares terrestres de combate em ve\u00edculos mecanizados e For\u00e7as Especiais. Comprimento de pulso [&#8230;]\n","protected":false},"featured_media":27938,"comment_status":"open","ping_status":"closed","template":"","meta":{"_monsterinsights_skip_tracking":false,"_monsterinsights_sitenote_active":false,"_monsterinsights_sitenote_note":"","_monsterinsights_sitenote_category":0},"product_brand":[1512],"product_cat":[1064,965,1088,829],"product_tag":[200,325],"class_list":{"0":"post-29599","1":"product","2":"type-product","3":"status-publish","4":"has-post-thumbnail","6":"product_brand-hatch","7":"product_cat-equipamentotatico","8":"product_cat-hatch","9":"product_cat-luvas","10":"product_cat-marcas","11":"product_tag-luva","12":"product_tag-tatica","14":"first","15":"instock","16":"shipping-taxable","17":"purchasable","18":"product-type-variable"},"aioseo_notices":[],"jetpack_sharing_enabled":true,"_links":{"self":[{"href":"https:\/\/milicia-pro.com\/index.php\/wp-json\/wp\/v2\/product\/29599","targetHints":{"allow":["GET"]}}],"collection":[{"href":"https:\/\/milicia-pro.com\/index.php\/wp-json\/wp\/v2\/product"}],"about":[{"href":"https:\/\/milicia-pro.com\/index.php\/wp-json\/wp\/v2\/types\/product"}],"replies":[{"embeddable":true,"href":"https:\/\/milicia-pro.com\/index.php\/wp-json\/wp\/v2\/comments?post=29599"}],"wp:featuredmedia":[{"embeddable":true,"href":"https:\/\/milicia-pro.com\/index.php\/wp-json\/wp\/v2\/media\/27938"}],"wp:attachment":[{"href":"https:\/\/milicia-pro.com\/index.php\/wp-json\/wp\/v2\/media?parent=29599"}],"wp:term":[{"taxonomy":"product_brand","embeddable":true,"href":"https:\/\/milicia-pro.com\/index.php\/wp-json\/wp\/v2\/product_brand?post=29599"},{"taxonomy":"product_cat","embeddable":true,"href":"https:\/\/milicia-pro.com\/index.php\/wp-json\/wp\/v2\/product_cat?post=29599"},{"taxonomy":"product_tag","embeddable":true,"href":"https:\/\/milicia-pro.com\/index.php\/wp-json\/wp\/v2\/product_tag?post=29599"}],"curies":[{"name":"wp","href":"https:\/\/api.w.org\/{rel}","templated":true}]}}