{"id":29596,"date":"2022-09-01T15:35:46","date_gmt":"2022-09-01T15:35:46","guid":{"rendered":"https:\/\/milicia-pro.com\/?post_type=product&#038;p=29596"},"modified":"2025-09-24T17:08:50","modified_gmt":"2025-09-24T17:08:50","slug":"coldre-serpa-duty-glock-17-19-nivel-iii","status":"publish","type":"product","link":"https:\/\/milicia-pro.com\/index.php\/product\/coldre-serpa-duty-glock-17-19-nivel-iii\/","title":{"rendered":"COLDRE SERPA DUTY-GLOCK 17\/19&#8230;NIVEL III DIREITA"},"content":{"rendered":"<p><strong>O sistema de travamento autom\u00e1tico do coldre Blackhawk SERPA N\u00edvel III USP COMP<\/strong><br \/>\n<strong>Recursos:<\/strong><\/p>\n<ul>\n<li>Moldagem por inje\u00e7\u00e3o de fibra de carbono composta que proporciona enorme resist\u00eancia, com um peso extremamente leve.<\/li>\n<li>O sistema de reten\u00e7\u00e3o autom\u00e1tica SERPA oferece seguran\u00e7a imediata ao recolocar o estofamento para aumentar a seguran\u00e7a do agente.<\/li>\n<li>N\u00e3o h\u00e1 presilhas de cinto ou capuzes que possam ser abertos ou travados acidentalmente. A arma permanece segura at\u00e9 que o utilizador decida sacar (Um dispositivo de pol\u00edmero que se abre automaticamente quando a arma \u00e9 sacada) n\u00e3o travar\u00e1 como um coldre com um la\u00e7o.<\/li>\n<\/ul>\n<p><strong>Dados t\u00e9cnicos<\/strong><br \/>\nAcabamento fosco Cor preta Para arma: H&amp;K USP Compact<\/p>\n","protected":false},"excerpt":{"rendered":"<p>O sistema de travamento autom\u00e1tico do coldre Blackhawk SERPA N\u00edvel III USP COMP Recursos: Moldagem por inje\u00e7\u00e3o de fibra de carbono composta que proporciona enorme resist\u00eancia, com um peso extremamente leve. O sistema de reten\u00e7\u00e3o autom\u00e1tica SERPA oferece seguran\u00e7a imediata ao recolocar o estofamento para aumentar a seguran\u00e7a do agente. N\u00e3o h\u00e1 presilhas de cinto [&#8230;]\n","protected":false},"featured_media":27947,"comment_status":"open","ping_status":"closed","template":"","meta":{"_monsterinsights_skip_tracking":false,"_monsterinsights_sitenote_active":false,"_monsterinsights_sitenote_note":"","_monsterinsights_sitenote_category":0},"product_brand":[1504],"product_cat":[1137,1085,1064,829],"product_tag":[607,608],"class_list":{"0":"post-29596","1":"product","2":"type-product","3":"status-publish","4":"has-post-thumbnail","6":"product_brand-blackhawk","7":"product_cat-blackhawk","8":"product_cat-coldre","9":"product_cat-equipamentotatico","10":"product_cat-marcas","11":"product_tag-coldre","12":"product_tag-glock","14":"first","15":"instock","16":"shipping-taxable","17":"purchasable","18":"product-type-variable"},"aioseo_notices":[],"jetpack_sharing_enabled":true,"_links":{"self":[{"href":"https:\/\/milicia-pro.com\/index.php\/wp-json\/wp\/v2\/product\/29596","targetHints":{"allow":["GET"]}}],"collection":[{"href":"https:\/\/milicia-pro.com\/index.php\/wp-json\/wp\/v2\/product"}],"about":[{"href":"https:\/\/milicia-pro.com\/index.php\/wp-json\/wp\/v2\/types\/product"}],"replies":[{"embeddable":true,"href":"https:\/\/milicia-pro.com\/index.php\/wp-json\/wp\/v2\/comments?post=29596"}],"wp:featuredmedia":[{"embeddable":true,"href":"https:\/\/milicia-pro.com\/index.php\/wp-json\/wp\/v2\/media\/27947"}],"wp:attachment":[{"href":"https:\/\/milicia-pro.com\/index.php\/wp-json\/wp\/v2\/media?parent=29596"}],"wp:term":[{"taxonomy":"product_brand","embeddable":true,"href":"https:\/\/milicia-pro.com\/index.php\/wp-json\/wp\/v2\/product_brand?post=29596"},{"taxonomy":"product_cat","embeddable":true,"href":"https:\/\/milicia-pro.com\/index.php\/wp-json\/wp\/v2\/product_cat?post=29596"},{"taxonomy":"product_tag","embeddable":true,"href":"https:\/\/milicia-pro.com\/index.php\/wp-json\/wp\/v2\/product_tag?post=29596"}],"curies":[{"name":"wp","href":"https:\/\/api.w.org\/{rel}","templated":true}]}}