{"id":29595,"date":"2022-09-01T15:35:46","date_gmt":"2022-09-01T15:35:46","guid":{"rendered":"https:\/\/milicia-pro.com\/?post_type=product&#038;p=29595"},"modified":"2025-05-05T13:48:33","modified_gmt":"2025-05-05T13:48:33","slug":"lanterna-g2x-tactical","status":"publish","type":"product","link":"https:\/\/milicia-pro.com\/index.php\/product\/lanterna-g2x-tactical\/","title":{"rendered":"LANTERNA G2X\u2122 Tactical"},"content":{"rendered":"<p><strong>&#8220;A Nova G2 chegou&#8221;, pr\u00e1tica e simples, mas com forte poder de ilumina\u00e7\u00e3o.<\/strong><\/p>\n<ul>\n<li>Emissor LED virtualmente indestrut\u00edvel, regulado para maximizar a produ\u00e7\u00e3o de luz e autonomia.<\/li>\n<li>Refletor de microtextura cria um raio suave e otimizado.<\/li>\n<li>Vidro em Policarbonato forte resiste ao impacto.<\/li>\n<li>Corpo em Nitrolon \u00ae resistente, cabe\u00e7a de alum\u00ednio anodizado.<\/li>\n<li>Interruptor em posi\u00e7\u00e3o t\u00e1ctica, permite duas formas de ativa\u00e7\u00e3o: premir para luz moment\u00e2nea, atarraxar para luz constante.<\/li>\n<li>\u00c0 prova-de-\u00e1gua.<\/li>\n<\/ul>\n","protected":false},"excerpt":{"rendered":"<p>&#8220;A Nova G2 chegou&#8221;, pr\u00e1tica e simples, mas com forte poder de ilumina\u00e7\u00e3o. Emissor LED virtualmente indestrut\u00edvel, regulado para maximizar a produ\u00e7\u00e3o de luz e autonomia. Refletor de microtextura cria um raio suave e otimizado. Vidro em Policarbonato forte resiste ao impacto. Corpo em Nitrolon \u00ae resistente, cabe\u00e7a de alum\u00ednio anodizado. Interruptor em posi\u00e7\u00e3o t\u00e1ctica, [&#8230;]\n","protected":false},"featured_media":27986,"comment_status":"open","ping_status":"closed","template":"","meta":{"_monsterinsights_skip_tracking":false,"_monsterinsights_sitenote_active":false,"_monsterinsights_sitenote_note":"","_monsterinsights_sitenote_category":0},"product_brand":[],"product_cat":[1064,1090,829,1170],"product_tag":[],"class_list":{"0":"post-29595","1":"product","2":"type-product","3":"status-publish","4":"has-post-thumbnail","6":"product_cat-equipamentotatico","7":"product_cat-lanterna","8":"product_cat-marcas","9":"product_cat-surefire","11":"first","12":"instock","13":"shipping-taxable","14":"purchasable","15":"product-type-variable"},"aioseo_notices":[],"jetpack_sharing_enabled":true,"_links":{"self":[{"href":"https:\/\/milicia-pro.com\/index.php\/wp-json\/wp\/v2\/product\/29595","targetHints":{"allow":["GET"]}}],"collection":[{"href":"https:\/\/milicia-pro.com\/index.php\/wp-json\/wp\/v2\/product"}],"about":[{"href":"https:\/\/milicia-pro.com\/index.php\/wp-json\/wp\/v2\/types\/product"}],"replies":[{"embeddable":true,"href":"https:\/\/milicia-pro.com\/index.php\/wp-json\/wp\/v2\/comments?post=29595"}],"wp:featuredmedia":[{"embeddable":true,"href":"https:\/\/milicia-pro.com\/index.php\/wp-json\/wp\/v2\/media\/27986"}],"wp:attachment":[{"href":"https:\/\/milicia-pro.com\/index.php\/wp-json\/wp\/v2\/media?parent=29595"}],"wp:term":[{"taxonomy":"product_brand","embeddable":true,"href":"https:\/\/milicia-pro.com\/index.php\/wp-json\/wp\/v2\/product_brand?post=29595"},{"taxonomy":"product_cat","embeddable":true,"href":"https:\/\/milicia-pro.com\/index.php\/wp-json\/wp\/v2\/product_cat?post=29595"},{"taxonomy":"product_tag","embeddable":true,"href":"https:\/\/milicia-pro.com\/index.php\/wp-json\/wp\/v2\/product_tag?post=29595"}],"curies":[{"name":"wp","href":"https:\/\/api.w.org\/{rel}","templated":true}]}}