{"id":29594,"date":"2022-09-01T15:35:44","date_gmt":"2022-09-01T15:35:44","guid":{"rendered":"https:\/\/milicia-pro.com\/?post_type=product&#038;p=29594"},"modified":"2026-03-09T16:02:49","modified_gmt":"2026-03-09T16:02:49","slug":"coldre-serpa-cqc-carbon-fiber","status":"publish","type":"product","link":"https:\/\/milicia-pro.com\/index.php\/product\/coldre-serpa-cqc-carbon-fiber\/","title":{"rendered":"COLDRE SERPA CQC CARBON FIBER"},"content":{"rendered":"<p>O sistema SERPA Auto Lock\u2122 proporciona um saque natural e r\u00e1pido, sem necessidade de movimentos desconfort\u00e1veis, basta segurar na arma e aplicar press\u00e3o com o polegar e o dedo do gatilho.<\/p>\n<ul>\n<li>Ideal para uso fora de servi\u00e7o ou de vigil\u00e2ncia<\/li>\n<li>Constru\u00e7\u00e3o em fibra de carbono de resist\u00eancia elevada<\/li>\n<li>Extremamente leve<\/li>\n<li>Duas plataformas distintas, uma para cinto e outra para coloca\u00e7\u00e3o directa nas cal\u00e7as<\/li>\n<li>Parafuso de ajuste de tens\u00e3o na arma<\/li>\n<\/ul>\n<p><img loading=\"lazy\" decoding=\"async\" src=\"\/admin\/includes\/spaw\/empty\/\" alt=\"\" width=\"1\" height=\"1\" \/><\/p>\n","protected":false},"excerpt":{"rendered":"<p>&nbsp;<\/p>\n<p>&nbsp;<\/p>\n","protected":false},"featured_media":28010,"comment_status":"open","ping_status":"closed","template":"","meta":{"_monsterinsights_skip_tracking":false,"_monsterinsights_sitenote_active":false,"_monsterinsights_sitenote_note":"","_monsterinsights_sitenote_category":0},"product_brand":[1504],"product_cat":[1137,1085,1064,829],"product_tag":[607],"class_list":{"0":"post-29594","1":"product","2":"type-product","3":"status-publish","4":"has-post-thumbnail","6":"product_brand-blackhawk","7":"product_cat-blackhawk","8":"product_cat-coldre","9":"product_cat-equipamentotatico","10":"product_cat-marcas","11":"product_tag-coldre","13":"first","14":"instock","15":"shipping-taxable","16":"purchasable","17":"product-type-variable"},"aioseo_notices":[],"jetpack_sharing_enabled":true,"_links":{"self":[{"href":"https:\/\/milicia-pro.com\/index.php\/wp-json\/wp\/v2\/product\/29594","targetHints":{"allow":["GET"]}}],"collection":[{"href":"https:\/\/milicia-pro.com\/index.php\/wp-json\/wp\/v2\/product"}],"about":[{"href":"https:\/\/milicia-pro.com\/index.php\/wp-json\/wp\/v2\/types\/product"}],"replies":[{"embeddable":true,"href":"https:\/\/milicia-pro.com\/index.php\/wp-json\/wp\/v2\/comments?post=29594"}],"wp:featuredmedia":[{"embeddable":true,"href":"https:\/\/milicia-pro.com\/index.php\/wp-json\/wp\/v2\/media\/28010"}],"wp:attachment":[{"href":"https:\/\/milicia-pro.com\/index.php\/wp-json\/wp\/v2\/media?parent=29594"}],"wp:term":[{"taxonomy":"product_brand","embeddable":true,"href":"https:\/\/milicia-pro.com\/index.php\/wp-json\/wp\/v2\/product_brand?post=29594"},{"taxonomy":"product_cat","embeddable":true,"href":"https:\/\/milicia-pro.com\/index.php\/wp-json\/wp\/v2\/product_cat?post=29594"},{"taxonomy":"product_tag","embeddable":true,"href":"https:\/\/milicia-pro.com\/index.php\/wp-json\/wp\/v2\/product_tag?post=29594"}],"curies":[{"name":"wp","href":"https:\/\/api.w.org\/{rel}","templated":true}]}}