{"id":29591,"date":"2022-09-01T15:35:44","date_gmt":"2022-09-01T15:35:44","guid":{"rendered":"https:\/\/milicia-pro.com\/?post_type=product&#038;p=29591"},"modified":"2025-09-24T17:09:26","modified_gmt":"2025-09-24T17:09:26","slug":"porta-carregador-duplo-strike","status":"publish","type":"product","link":"https:\/\/milicia-pro.com\/index.php\/product\/porta-carregador-duplo-strike\/","title":{"rendered":"PORTA CARREGADOR DUPLO-STRIKE"},"content":{"rendered":"<p align=\"justify\">Porta-carregador duplo fornecido com dois Speed-clips para acoplar facilmente a uma plataforma M.O.L.L.E., como um colete t\u00e1ctico ou uma mochila.<\/p>\n<ul>\n<li>Sistema Talonflex que mant\u00e9m os carregadores fixos at\u00e9 necess\u00e1rio a sua extrac\u00e7\u00e3o<\/li>\n<li>Pode ser utilizado com cobertura, com fecho em velcro, ou num sistema de acesso facilitado com os carregadores \u00e0 vista<\/li>\n<\/ul>\n","protected":false},"excerpt":{"rendered":"<p>Porta-carregador duplo fornecido com dois Speed-clips para acoplar facilmente a uma plataforma M.O.L.L.E., como um colete t\u00e1ctico ou uma mochila. Sistema Talonflex que mant\u00e9m os carregadores fixos at\u00e9 necess\u00e1rio a sua extrac\u00e7\u00e3o Pode ser utilizado com cobertura, com fecho em velcro, ou num sistema de acesso facilitado com os carregadores \u00e0 vista<\/p>\n","protected":false},"featured_media":28024,"comment_status":"open","ping_status":"closed","template":"","meta":{"_monsterinsights_skip_tracking":false,"_monsterinsights_sitenote_active":false,"_monsterinsights_sitenote_note":"","_monsterinsights_sitenote_category":0},"product_brand":[1504],"product_cat":[1137,1064,829,1086],"product_tag":[144,255],"class_list":{"0":"post-29591","1":"product","2":"type-product","3":"status-publish","4":"has-post-thumbnail","6":"product_brand-blackhawk","7":"product_cat-blackhawk","8":"product_cat-equipamentotatico","9":"product_cat-marcas","10":"product_cat-portacarregador","11":"product_tag-duplo","12":"product_tag-porta-carregador","14":"first","15":"instock","16":"shipping-taxable","17":"purchasable","18":"product-type-variable"},"aioseo_notices":[],"jetpack_sharing_enabled":true,"_links":{"self":[{"href":"https:\/\/milicia-pro.com\/index.php\/wp-json\/wp\/v2\/product\/29591","targetHints":{"allow":["GET"]}}],"collection":[{"href":"https:\/\/milicia-pro.com\/index.php\/wp-json\/wp\/v2\/product"}],"about":[{"href":"https:\/\/milicia-pro.com\/index.php\/wp-json\/wp\/v2\/types\/product"}],"replies":[{"embeddable":true,"href":"https:\/\/milicia-pro.com\/index.php\/wp-json\/wp\/v2\/comments?post=29591"}],"wp:featuredmedia":[{"embeddable":true,"href":"https:\/\/milicia-pro.com\/index.php\/wp-json\/wp\/v2\/media\/28024"}],"wp:attachment":[{"href":"https:\/\/milicia-pro.com\/index.php\/wp-json\/wp\/v2\/media?parent=29591"}],"wp:term":[{"taxonomy":"product_brand","embeddable":true,"href":"https:\/\/milicia-pro.com\/index.php\/wp-json\/wp\/v2\/product_brand?post=29591"},{"taxonomy":"product_cat","embeddable":true,"href":"https:\/\/milicia-pro.com\/index.php\/wp-json\/wp\/v2\/product_cat?post=29591"},{"taxonomy":"product_tag","embeddable":true,"href":"https:\/\/milicia-pro.com\/index.php\/wp-json\/wp\/v2\/product_tag?post=29591"}],"curies":[{"name":"wp","href":"https:\/\/api.w.org\/{rel}","templated":true}]}}