{"id":29590,"date":"2022-09-01T15:35:43","date_gmt":"2022-09-01T15:35:43","guid":{"rendered":"https:\/\/milicia-pro.com\/?post_type=product&#038;p=29590"},"modified":"2025-09-24T17:10:06","modified_gmt":"2025-09-24T17:10:06","slug":"bolsa-medica-de-perna","status":"publish","type":"product","link":"https:\/\/milicia-pro.com\/index.php\/product\/bolsa-medica-de-perna\/","title":{"rendered":"Bolsa m\u00e9dica de perna"},"content":{"rendered":"<p>Mantenha um acesso r\u00e1pido a material m\u00e9dico de primeira necessidade. Monte esta bolsa numa plaforma M.O.L.L.E., como um colete tactico, ou simplesmente use-a como plataforma de perna.<\/p>\n<ul>\n<li>Design patenteado (Patente # D500807)<\/li>\n<li>Em Nylon 1000D com interior em espuma<\/li>\n<li>Tira em el\u00e1stico para prender \u00e0 perna com estabilidade<\/li>\n<li>Furos para drenagem de l\u00edquidos no fundo da bolsa<\/li>\n<li>Arruma\u00e7\u00e3o interior com cintas el\u00e1sticas<\/li>\n<li>Extendedor de perna remov\u00edvel. Permite outros tipos de coloca\u00e7\u00e3o da bolsa<\/li>\n<\/ul>\n<p>&nbsp;<\/p>\n","protected":false},"excerpt":{"rendered":"<p>&nbsp;<\/p>\n<p>&nbsp;<\/p>\n","protected":false},"featured_media":28025,"comment_status":"open","ping_status":"closed","template":"","meta":{"_monsterinsights_skip_tracking":false,"_monsterinsights_sitenote_active":false,"_monsterinsights_sitenote_note":"","_monsterinsights_sitenote_category":0},"product_brand":[1504],"product_cat":[1137,1066,829,1113],"product_tag":[80,82],"class_list":{"0":"post-29590","1":"product","2":"type-product","3":"status-publish","4":"has-post-thumbnail","6":"product_brand-blackhawk","7":"product_cat-blackhawk","8":"product_cat-medical","9":"product_cat-marcas","10":"product_cat-transporte-e-organizacao","11":"product_tag-bolsa","12":"product_tag-bolsa-medica","14":"first","15":"instock","16":"shipping-taxable","17":"purchasable","18":"product-type-variable"},"aioseo_notices":[],"jetpack_sharing_enabled":true,"_links":{"self":[{"href":"https:\/\/milicia-pro.com\/index.php\/wp-json\/wp\/v2\/product\/29590","targetHints":{"allow":["GET"]}}],"collection":[{"href":"https:\/\/milicia-pro.com\/index.php\/wp-json\/wp\/v2\/product"}],"about":[{"href":"https:\/\/milicia-pro.com\/index.php\/wp-json\/wp\/v2\/types\/product"}],"replies":[{"embeddable":true,"href":"https:\/\/milicia-pro.com\/index.php\/wp-json\/wp\/v2\/comments?post=29590"}],"wp:featuredmedia":[{"embeddable":true,"href":"https:\/\/milicia-pro.com\/index.php\/wp-json\/wp\/v2\/media\/28025"}],"wp:attachment":[{"href":"https:\/\/milicia-pro.com\/index.php\/wp-json\/wp\/v2\/media?parent=29590"}],"wp:term":[{"taxonomy":"product_brand","embeddable":true,"href":"https:\/\/milicia-pro.com\/index.php\/wp-json\/wp\/v2\/product_brand?post=29590"},{"taxonomy":"product_cat","embeddable":true,"href":"https:\/\/milicia-pro.com\/index.php\/wp-json\/wp\/v2\/product_cat?post=29590"},{"taxonomy":"product_tag","embeddable":true,"href":"https:\/\/milicia-pro.com\/index.php\/wp-json\/wp\/v2\/product_tag?post=29590"}],"curies":[{"name":"wp","href":"https:\/\/api.w.org\/{rel}","templated":true}]}}