{"id":29588,"date":"2022-09-01T15:35:42","date_gmt":"2022-09-01T15:35:42","guid":{"rendered":"https:\/\/milicia-pro.com\/?post_type=product&#038;p=29588"},"modified":"2025-11-13T13:47:04","modified_gmt":"2025-11-13T13:47:04","slug":"cinto-cqb-riggers-rappel","status":"publish","type":"product","link":"https:\/\/milicia-pro.com\/index.php\/product\/cinto-cqb-riggers-rappel\/","title":{"rendered":"CINTO CQB\/RIGGERS RAPPEL"},"content":{"rendered":"<p>Um dois-em-um. O cinto CQB \/ Emergency possui um arn\u00eas incorporado que pode ser utilizado para uma r\u00e1pida extra\u00e7\u00e3o ou em caso de emerg\u00eancia, est\u00e1 testado para tens\u00f5es de at\u00e9 3t.<\/p>\n<ul>\n<li>Em material MIL-STD-858<\/li>\n<li>4,5cm (testado at\u00e9 3t)<\/li>\n<li>Fecho Hook and loop para uma adapta\u00e7\u00e3o perfeita<\/li>\n<\/ul>\n<ol>\n<li>Large (41&#8243; A 51&#8243;)<\/li>\n<li>M\u00e9dio (34&#8243; A 41&#8243;)<\/li>\n<li>Small (At\u00e9 34&#8243;)<\/li>\n<\/ol>\n","protected":false},"excerpt":{"rendered":"<p>Um dois-em-um. O cinto CQB \/ Emergency possui um arn\u00eas incorporado que pode ser utilizado para uma r\u00e1pida extra\u00e7\u00e3o ou em caso de emerg\u00eancia, est\u00e1 testado para tens\u00f5es de at\u00e9 3t. Em material MIL-STD-858 4,5cm (testado at\u00e9 3t) Fecho Hook and loop para uma adapta\u00e7\u00e3o perfeita Large (41&#8243; A 51&#8243;) M\u00e9dio (34&#8243; A 41&#8243;) Small [&#8230;]\n","protected":false},"featured_media":28019,"comment_status":"open","ping_status":"closed","template":"","meta":{"_monsterinsights_skip_tracking":false,"_monsterinsights_sitenote_active":false,"_monsterinsights_sitenote_note":"","_monsterinsights_sitenote_category":0},"product_brand":[1504],"product_cat":[1137,1153,829,1063],"product_tag":[116,326],"class_list":{"0":"post-29588","1":"product","2":"type-product","3":"status-publish","4":"has-post-thumbnail","6":"product_brand-blackhawk","7":"product_cat-blackhawk","8":"product_cat-cinto","9":"product_cat-marcas","10":"product_cat-vestuario","11":"product_tag-cinto","12":"product_tag-tatico","14":"first","15":"instock","16":"shipping-taxable","17":"purchasable","18":"product-type-variable"},"aioseo_notices":[],"jetpack_sharing_enabled":true,"_links":{"self":[{"href":"https:\/\/milicia-pro.com\/index.php\/wp-json\/wp\/v2\/product\/29588","targetHints":{"allow":["GET"]}}],"collection":[{"href":"https:\/\/milicia-pro.com\/index.php\/wp-json\/wp\/v2\/product"}],"about":[{"href":"https:\/\/milicia-pro.com\/index.php\/wp-json\/wp\/v2\/types\/product"}],"replies":[{"embeddable":true,"href":"https:\/\/milicia-pro.com\/index.php\/wp-json\/wp\/v2\/comments?post=29588"}],"wp:featuredmedia":[{"embeddable":true,"href":"https:\/\/milicia-pro.com\/index.php\/wp-json\/wp\/v2\/media\/28019"}],"wp:attachment":[{"href":"https:\/\/milicia-pro.com\/index.php\/wp-json\/wp\/v2\/media?parent=29588"}],"wp:term":[{"taxonomy":"product_brand","embeddable":true,"href":"https:\/\/milicia-pro.com\/index.php\/wp-json\/wp\/v2\/product_brand?post=29588"},{"taxonomy":"product_cat","embeddable":true,"href":"https:\/\/milicia-pro.com\/index.php\/wp-json\/wp\/v2\/product_cat?post=29588"},{"taxonomy":"product_tag","embeddable":true,"href":"https:\/\/milicia-pro.com\/index.php\/wp-json\/wp\/v2\/product_tag?post=29588"}],"curies":[{"name":"wp","href":"https:\/\/api.w.org\/{rel}","templated":true}]}}