{"id":29587,"date":"2022-09-01T15:35:42","date_gmt":"2022-09-01T15:35:42","guid":{"rendered":"https:\/\/milicia-pro.com\/?post_type=product&#038;p=29587"},"modified":"2025-09-24T17:12:41","modified_gmt":"2025-09-24T17:12:41","slug":"coldre-standard-p-glock","status":"publish","type":"product","link":"https:\/\/milicia-pro.com\/index.php\/product\/coldre-standard-p-glock\/","title":{"rendered":"COLDRE STANDARD P\/ GLOCK"},"content":{"rendered":"<p align=\"justify\">Coldre standard de n\u00edvel I, \u00e9 uma alternativa ao modelo Serpa para transporte da arma fora de servi\u00e7o ou em situa\u00e7\u00f5es de vigil\u00e2ncia, onde a discri\u00e7\u00e3o \u00e9 fundamental.<\/p>\n<ul>\n<li>Ideal para uso fora de servi\u00e7o ou de vigil\u00e2ncia<\/li>\n<li>Constru\u00e7\u00e3o em fibra de carbono de resist\u00eancia elevada<\/li>\n<li>Extremamente leve<\/li>\n<li>Duas plataformas distintas, uma para cinto e outra para coloca\u00e7\u00e3o direta nas cal\u00e7as<\/li>\n<li>Parafuso de ajuste de tens\u00e3o na arma<\/li>\n<\/ul>\n<p>Compat\u00edvel com a Glock 17\/19\/22\/23.<\/p>\n","protected":false},"excerpt":{"rendered":"<p>Coldre standard de n\u00edvel I, \u00e9 uma alternativa ao modelo Serpa para transporte da arma fora de servi\u00e7o ou em situa\u00e7\u00f5es de vigil\u00e2ncia, onde a discri\u00e7\u00e3o \u00e9 fundamental. Ideal para uso fora de servi\u00e7o ou de vigil\u00e2ncia Constru\u00e7\u00e3o em fibra de carbono de resist\u00eancia elevada Extremamente leve Duas plataformas distintas, uma para cinto e outra [&#8230;]\n","protected":false},"featured_media":28021,"comment_status":"open","ping_status":"closed","template":"","meta":{"_monsterinsights_skip_tracking":false,"_monsterinsights_sitenote_active":false,"_monsterinsights_sitenote_note":"","_monsterinsights_sitenote_category":0},"product_brand":[1504],"product_cat":[1137,1085,1064,829],"product_tag":[607,608],"class_list":{"0":"post-29587","1":"product","2":"type-product","3":"status-publish","4":"has-post-thumbnail","6":"product_brand-blackhawk","7":"product_cat-blackhawk","8":"product_cat-coldre","9":"product_cat-equipamentotatico","10":"product_cat-marcas","11":"product_tag-coldre","12":"product_tag-glock","14":"first","15":"instock","16":"shipping-taxable","17":"purchasable","18":"product-type-variable"},"aioseo_notices":[],"jetpack_sharing_enabled":true,"_links":{"self":[{"href":"https:\/\/milicia-pro.com\/index.php\/wp-json\/wp\/v2\/product\/29587","targetHints":{"allow":["GET"]}}],"collection":[{"href":"https:\/\/milicia-pro.com\/index.php\/wp-json\/wp\/v2\/product"}],"about":[{"href":"https:\/\/milicia-pro.com\/index.php\/wp-json\/wp\/v2\/types\/product"}],"replies":[{"embeddable":true,"href":"https:\/\/milicia-pro.com\/index.php\/wp-json\/wp\/v2\/comments?post=29587"}],"wp:featuredmedia":[{"embeddable":true,"href":"https:\/\/milicia-pro.com\/index.php\/wp-json\/wp\/v2\/media\/28021"}],"wp:attachment":[{"href":"https:\/\/milicia-pro.com\/index.php\/wp-json\/wp\/v2\/media?parent=29587"}],"wp:term":[{"taxonomy":"product_brand","embeddable":true,"href":"https:\/\/milicia-pro.com\/index.php\/wp-json\/wp\/v2\/product_brand?post=29587"},{"taxonomy":"product_cat","embeddable":true,"href":"https:\/\/milicia-pro.com\/index.php\/wp-json\/wp\/v2\/product_cat?post=29587"},{"taxonomy":"product_tag","embeddable":true,"href":"https:\/\/milicia-pro.com\/index.php\/wp-json\/wp\/v2\/product_tag?post=29587"}],"curies":[{"name":"wp","href":"https:\/\/api.w.org\/{rel}","templated":true}]}}