{"id":29583,"date":"2022-09-01T15:35:42","date_gmt":"2022-09-01T15:35:42","guid":{"rendered":"https:\/\/milicia-pro.com\/?post_type=product&#038;p=29583"},"modified":"2026-02-11T14:40:52","modified_gmt":"2026-02-11T14:40:52","slug":"luva-magnum-force-mp3","status":"publish","type":"product","link":"https:\/\/milicia-pro.com\/index.php\/product\/luva-magnum-force-mp3\/","title":{"rendered":"LUVA MAGNUM FORCE MP3"},"content":{"rendered":"<p>Estas luvas t\u00e1ticas CAMELBAK Magnum Force\u2122 s\u00e3o ideais para militares e agentes da pol\u00edcia ao manusear armas ou durante treino t\u00e1tico, adaptando-se a terrenos acidentados ou ambientes urbanos, permitindo que as uses de acordo com as suas diversas necessidades de atividades! T\u00eam prote\u00e7\u00e3o refor\u00e7ada com Kevlar\u00ae nas articula\u00e7\u00f5es dos dedos, muito resistente, com design ergon\u00f3mico e acolchoamento confort\u00e1vel no interior. Almofadado em EVA (Acetato de Vinila de Etileno) no dorso do dedo indicador para prote\u00e7\u00e3o contra interfer\u00eancia no gatilho. Design pr\u00e1tico: an\u00e9is especiais para facilitar o uso e fixa\u00e7\u00e3o, e velcro forte ajust\u00e1vel ao tamanho das tuas m\u00e3os, garantindo que n\u00e3o se soltam facilmente durante atividades intensas!<\/p>\n<p>Articula\u00e7\u00f5es dos dedos (raiz) refor\u00e7adas com prote\u00e7\u00e3o Kevlar\u00ae muito resistente<br \/>\nDesign da luva ergon\u00f3mico com acolchoamento confort\u00e1vel no interior<br \/>\nMaterial nas costas da m\u00e3o, polegar e dedos cont\u00e9m 3% de fibra de carbono Spandex anti est\u00e1tica.<\/p>\n<p>Caracter\u00edsticas :<br \/>\n&#8211; Palma refor\u00e7ada com Kevlar\u00ae, resistente ao atrito.<br \/>\n&#8211; Material Clarino\u00ae macio, respir\u00e1vel e dur\u00e1vel na palma, proporcionando boa ader\u00eancia.<br \/>\n&#8211; Lycra el\u00e1stico em ambas as dire\u00e7\u00f5es e fibras anti est\u00e1ticas para maior conforto e ajuste ao corpo.<br \/>\n&#8211; Tacky nas pontas dos dedos e polegar, aumentando a firmeza e o controlo dos dedos. Prote\u00e7\u00e3o el\u00e1stica TPR nos dedos.<br \/>\n&#8211; Lav\u00e1vel \u00e0 m\u00e1quina (\u00e1gua fria (20\u00b0C), n\u00e3o usar lix\u00edvia, n\u00e3o secar na m\u00e1quina, n\u00e3o engomar.<br \/>\nN\u00e3o s\u00e3o resistentes ao fogo nem retardante de chamas, e deve ser mantidas afastadas de chamas ou fa\u00edscas).<\/p>\n<p>&nbsp;<\/p>\n","protected":false},"excerpt":{"rendered":"<p>Estas luvas t\u00e1ticas CAMELBAK Magnum Force\u2122 s\u00e3o ideais para militares e agentes da pol\u00edcia ao manusear armas ou durante treino t\u00e1tico, adaptando-se a terrenos acidentados ou ambientes urbanos, permitindo que as uses de acordo com as suas diversas necessidades de atividades! T\u00eam prote\u00e7\u00e3o refor\u00e7ada com Kevlar\u00ae nas articula\u00e7\u00f5es dos dedos, muito resistente, com design ergon\u00f3mico [&#8230;]\n","protected":false},"featured_media":28066,"comment_status":"open","ping_status":"closed","template":"","meta":{"_monsterinsights_skip_tracking":false,"_monsterinsights_sitenote_active":false,"_monsterinsights_sitenote_note":"","_monsterinsights_sitenote_category":0},"product_brand":[1505],"product_cat":[1286,1088],"product_tag":[846],"class_list":{"0":"post-29583","1":"product","2":"type-product","3":"status-publish","4":"has-post-thumbnail","6":"product_brand-camelbak","7":"product_cat-camelbak-marcas","8":"product_cat-luvas","9":"product_tag-luvas","11":"first","12":"instock","13":"shipping-taxable","14":"purchasable","15":"product-type-variable"},"aioseo_notices":[],"jetpack_sharing_enabled":true,"_links":{"self":[{"href":"https:\/\/milicia-pro.com\/index.php\/wp-json\/wp\/v2\/product\/29583","targetHints":{"allow":["GET"]}}],"collection":[{"href":"https:\/\/milicia-pro.com\/index.php\/wp-json\/wp\/v2\/product"}],"about":[{"href":"https:\/\/milicia-pro.com\/index.php\/wp-json\/wp\/v2\/types\/product"}],"replies":[{"embeddable":true,"href":"https:\/\/milicia-pro.com\/index.php\/wp-json\/wp\/v2\/comments?post=29583"}],"wp:featuredmedia":[{"embeddable":true,"href":"https:\/\/milicia-pro.com\/index.php\/wp-json\/wp\/v2\/media\/28066"}],"wp:attachment":[{"href":"https:\/\/milicia-pro.com\/index.php\/wp-json\/wp\/v2\/media?parent=29583"}],"wp:term":[{"taxonomy":"product_brand","embeddable":true,"href":"https:\/\/milicia-pro.com\/index.php\/wp-json\/wp\/v2\/product_brand?post=29583"},{"taxonomy":"product_cat","embeddable":true,"href":"https:\/\/milicia-pro.com\/index.php\/wp-json\/wp\/v2\/product_cat?post=29583"},{"taxonomy":"product_tag","embeddable":true,"href":"https:\/\/milicia-pro.com\/index.php\/wp-json\/wp\/v2\/product_tag?post=29583"}],"curies":[{"name":"wp","href":"https:\/\/api.w.org\/{rel}","templated":true}]}}