{"id":29553,"date":"2022-09-01T15:35:33","date_gmt":"2022-09-01T15:35:33","guid":{"rendered":"https:\/\/milicia-pro.com\/?post_type=product&#038;p=29553"},"modified":"2025-05-16T13:57:53","modified_gmt":"2025-05-16T13:57:53","slug":"6285-nivel-ii-glock-19-23-26-27-36-dt","status":"publish","type":"product","link":"https:\/\/milicia-pro.com\/index.php\/product\/6285-nivel-ii-glock-19-23-26-27-36-dt\/","title":{"rendered":"6285 N\u00edvel II &#8211; GLOCK 19,23,26,27,36 &#8211; DT"},"content":{"rendered":"<p>Coldre com as mesmas caracter\u00edsticas do 6280 N\u00edvel III, mas com uma posi\u00e7\u00e3o no cinto mais rebaixada em compara\u00e7\u00e3o com o 6280 N\u00edvel III.<\/p>\n<p>6285 \u00e9 o coldre ideal para pessoas altas ou que usem colete bal\u00edstico exterior.<\/p>\n","protected":false},"excerpt":{"rendered":"<p>Coldre com as mesmas caracter\u00edsticas do 6280 N\u00edvel III, mas com uma posi\u00e7\u00e3o no cinto mais rebaixada em compara\u00e7\u00e3o com o 6280 N\u00edvel III. 6285 \u00e9 o coldre ideal para pessoas altas ou que usem colete bal\u00edstico exterior.<\/p>\n","protected":false},"featured_media":28176,"comment_status":"open","ping_status":"closed","template":"","meta":{"_monsterinsights_skip_tracking":false,"_monsterinsights_sitenote_active":false,"_monsterinsights_sitenote_note":"","_monsterinsights_sitenote_category":0},"product_brand":[],"product_cat":[1085,1064,829,1151],"product_tag":[607,608],"class_list":{"0":"post-29553","1":"product","2":"type-product","3":"status-publish","4":"has-post-thumbnail","6":"product_cat-coldre","7":"product_cat-equipamentotatico","8":"product_cat-marcas","9":"product_cat-safariland","10":"product_tag-coldre","11":"product_tag-glock","13":"first","14":"instock","15":"shipping-taxable","16":"purchasable","17":"product-type-variable"},"aioseo_notices":[],"jetpack_sharing_enabled":true,"_links":{"self":[{"href":"https:\/\/milicia-pro.com\/index.php\/wp-json\/wp\/v2\/product\/29553","targetHints":{"allow":["GET"]}}],"collection":[{"href":"https:\/\/milicia-pro.com\/index.php\/wp-json\/wp\/v2\/product"}],"about":[{"href":"https:\/\/milicia-pro.com\/index.php\/wp-json\/wp\/v2\/types\/product"}],"replies":[{"embeddable":true,"href":"https:\/\/milicia-pro.com\/index.php\/wp-json\/wp\/v2\/comments?post=29553"}],"wp:featuredmedia":[{"embeddable":true,"href":"https:\/\/milicia-pro.com\/index.php\/wp-json\/wp\/v2\/media\/28176"}],"wp:attachment":[{"href":"https:\/\/milicia-pro.com\/index.php\/wp-json\/wp\/v2\/media?parent=29553"}],"wp:term":[{"taxonomy":"product_brand","embeddable":true,"href":"https:\/\/milicia-pro.com\/index.php\/wp-json\/wp\/v2\/product_brand?post=29553"},{"taxonomy":"product_cat","embeddable":true,"href":"https:\/\/milicia-pro.com\/index.php\/wp-json\/wp\/v2\/product_cat?post=29553"},{"taxonomy":"product_tag","embeddable":true,"href":"https:\/\/milicia-pro.com\/index.php\/wp-json\/wp\/v2\/product_tag?post=29553"}],"curies":[{"name":"wp","href":"https:\/\/api.w.org\/{rel}","templated":true}]}}