{"id":29520,"date":"2022-09-01T09:49:01","date_gmt":"2022-09-01T09:49:01","guid":{"rendered":"https:\/\/milicia-pro.com\/?post_type=product&#038;p=29520"},"modified":"2025-07-27T13:18:29","modified_gmt":"2025-07-27T13:18:29","slug":"bolsa-tactix-garrafa-1l","status":"publish","type":"product","link":"https:\/\/milicia-pro.com\/index.php\/product\/bolsa-tactix-garrafa-1l\/","title":{"rendered":"BOLSA TACTIX GARRAFA 1L"},"content":{"rendered":"<p>Esta bolsa foi projetada para fazer o transporte de uma garrafa de \u00e1gua de 1 litro.<\/p>\n<p>Tem presilhas pr\u00f3prias para poder prender na sua mochila First Tactical ou at\u00e9 mesmo colocar no cinto das cal\u00e7as.<\/p>\n<p>No interior tem uma manga acolchoada com isolamento t\u00e9rmico para preservar a temperatura da \u00e1gua.<\/p>\n<p>Medidas: 10,8 cm x 21,6 cm x 9,4 cm. Capacidade para 1,6 litros.<\/p>\n<p>Nylon texturado 500D e com o peso de 0,14Kg.<\/p>\n<p><iframe loading=\"lazy\" title=\"First Tactical&#039;s Tactix Series Bottle Pouch\" width=\"1020\" height=\"574\" src=\"https:\/\/www.youtube.com\/embed\/vbixcz6UNwQ?feature=oembed\" frameborder=\"0\" allow=\"accelerometer; autoplay; clipboard-write; encrypted-media; gyroscope; picture-in-picture; web-share\" referrerpolicy=\"strict-origin-when-cross-origin\" allowfullscreen><\/iframe><\/p>\n<p><img loading=\"lazy\" decoding=\"async\" class=\"size-medium wp-image-16347 alignleft\" src=\"https:\/\/miliciapro.com\/wp-content\/uploads\/2020\/03\/180020-10.png\" alt=\"\" width=\"203\" height=\"143\" \/><\/p>\n<p><strong>Manga acolchoada revers\u00edvel<\/strong><\/p>\n<p>Manga acolchoada, dur\u00e1vel, protectora e de alta densidade \u00e9 revers\u00edvel para contraste de cores ou completamente remov\u00edvel.<\/p>\n<p>&nbsp;<\/p>\n<p>&nbsp;<\/p>\n<p><img loading=\"lazy\" decoding=\"async\" class=\"size-medium wp-image-16348 alignleft\" src=\"https:\/\/miliciapro.com\/wp-content\/uploads\/2020\/03\/180020-11.png\" alt=\"\" width=\"205\" height=\"140\" \/><\/p>\n<p><strong>ABERTURA F\u00c1CIL<\/strong><\/p>\n<p>Abertura pela fivela de velcro ou pelo sistema de mola, conforme lhe convier.<\/p>\n<p>&nbsp;<\/p>\n<p>&nbsp;<\/p>\n<p>&nbsp;<\/p>\n<p><img loading=\"lazy\" decoding=\"async\" class=\"size-medium wp-image-16349 alignleft\" src=\"https:\/\/miliciapro.com\/wp-content\/uploads\/2020\/03\/180020-12.png\" alt=\"\" width=\"208\" height=\"147\" \/><\/p>\n<p><strong>RECURSO DOBRADO<\/strong><\/p>\n<p>Converta a sua bolsa de garrafa numa bolsa mais pequena, dobrando-a ao meio para dentro da tampa<\/p>\n","protected":false},"excerpt":{"rendered":"<p>Esta bolsa foi projetada para fazer o transporte de uma garrafa de \u00e1gua de 1 litro. Tem presilhas pr\u00f3prias para poder prender na sua mochila First Tactical ou at\u00e9 mesmo colocar no cinto das cal\u00e7as. No interior tem uma manga acolchoada com isolamento t\u00e9rmico para preservar a temperatura da \u00e1gua. Medidas: 10,8 cm x 21,6 [&#8230;]\n","protected":false},"featured_media":31078,"comment_status":"open","ping_status":"closed","template":"","meta":{"_monsterinsights_skip_tracking":false,"_monsterinsights_sitenote_active":false,"_monsterinsights_sitenote_note":"","_monsterinsights_sitenote_category":0},"product_brand":[],"product_cat":[1107,830,829,1467],"product_tag":[80,687,215],"class_list":{"0":"post-29520","1":"product","2":"type-product","3":"status-publish","4":"has-post-thumbnail","6":"product_cat-bolsas","7":"product_cat-firsttactical","8":"product_cat-marcas","9":"product_cat-mochilas-bolsas","10":"product_tag-bolsa","11":"product_tag-garrafa","12":"product_tag-mochila","14":"first","15":"instock","16":"shipping-taxable","17":"purchasable","18":"product-type-variable"},"aioseo_notices":[],"jetpack_sharing_enabled":true,"_links":{"self":[{"href":"https:\/\/milicia-pro.com\/index.php\/wp-json\/wp\/v2\/product\/29520","targetHints":{"allow":["GET"]}}],"collection":[{"href":"https:\/\/milicia-pro.com\/index.php\/wp-json\/wp\/v2\/product"}],"about":[{"href":"https:\/\/milicia-pro.com\/index.php\/wp-json\/wp\/v2\/types\/product"}],"replies":[{"embeddable":true,"href":"https:\/\/milicia-pro.com\/index.php\/wp-json\/wp\/v2\/comments?post=29520"}],"wp:featuredmedia":[{"embeddable":true,"href":"https:\/\/milicia-pro.com\/index.php\/wp-json\/wp\/v2\/media\/31078"}],"wp:attachment":[{"href":"https:\/\/milicia-pro.com\/index.php\/wp-json\/wp\/v2\/media?parent=29520"}],"wp:term":[{"taxonomy":"product_brand","embeddable":true,"href":"https:\/\/milicia-pro.com\/index.php\/wp-json\/wp\/v2\/product_brand?post=29520"},{"taxonomy":"product_cat","embeddable":true,"href":"https:\/\/milicia-pro.com\/index.php\/wp-json\/wp\/v2\/product_cat?post=29520"},{"taxonomy":"product_tag","embeddable":true,"href":"https:\/\/milicia-pro.com\/index.php\/wp-json\/wp\/v2\/product_tag?post=29520"}],"curies":[{"name":"wp","href":"https:\/\/api.w.org\/{rel}","templated":true}]}}