{"id":29516,"date":"2022-09-01T09:49:00","date_gmt":"2022-09-01T09:49:00","guid":{"rendered":"https:\/\/milicia-pro.com\/?post_type=product&#038;p=29516"},"modified":"2025-07-29T11:32:46","modified_gmt":"2025-07-29T11:32:46","slug":"bolsa-tactix-utility-3x6","status":"publish","type":"product","link":"https:\/\/milicia-pro.com\/index.php\/product\/bolsa-tactix-utility-3x6\/","title":{"rendered":"BOLSA TACTIX UTILITY 3X6"},"content":{"rendered":"<p>Bolsa utilit\u00e1ria t\u00e1ctica, resistente, dur\u00e1vel e perfeita para armazenar equipamentos de menores dimens\u00f5es, perfeita para transportar uma c\u00e2mara\/GPS.<\/p>\n<p>Todas as bolsas s\u00e3o feitas em Nylon 500D, imperme\u00e1vel, com protec\u00e7\u00e3o acolchoada no interior e al\u00e7as no exterior para encaixe nas mochilas.<\/p>\n<p>Tem um bolso no interior em malha, que facilita uma melhor organiza\u00e7\u00e3o.<\/p>\n<p>Medidas: 7,6cm x 15,2cm x 7,6cm. Capacidade para 0,9 litros. Textura em Nylon 500D e peso de 0,9Kg.<\/p>\n<p><iframe loading=\"lazy\" title=\"First Tactical&#039;s Tactix Series Utility Pouch Collection\" width=\"1020\" height=\"574\" src=\"https:\/\/www.youtube.com\/embed\/xxRVwoIWzj0?feature=oembed\" frameborder=\"0\" allow=\"accelerometer; autoplay; clipboard-write; encrypted-media; gyroscope; picture-in-picture\" allowfullscreen><\/iframe><\/p>\n<p><img loading=\"lazy\" decoding=\"async\" class=\"size-full wp-image-16335 alignleft\" src=\"https:\/\/miliciapro.com\/wp-content\/uploads\/2020\/03\/180016-10.png\" alt=\"\" width=\"200\" height=\"137\" \/><\/p>\n<p><strong>NYLON 500D TEXTURIZADO<\/strong><\/p>\n<p>Este Nylon torna a bolsa resistente, leve, dur\u00e1vel e imperme\u00e1vel.<\/p>\n<p>&nbsp;<\/p>\n<p>&nbsp;<\/p>\n<p>&nbsp;<\/p>\n<p><img loading=\"lazy\" decoding=\"async\" class=\"size-medium wp-image-16336 alignleft\" src=\"https:\/\/miliciapro.com\/wp-content\/uploads\/2020\/03\/180016-11.png\" alt=\"\" width=\"202\" height=\"142\" \/><\/p>\n<p><strong>LUVA ACOLCHOADA REVERSIVEL HD<\/strong><\/p>\n<p>Esta camada de espuma dur\u00e1vel, protectora e de alta densidade \u00e9 revers\u00edvel para contraste de cores ou completamente remov\u00edvel.<\/p>\n<p>&nbsp;<\/p>\n<p>&nbsp;<\/p>\n<p>&nbsp;<\/p>\n<p><img loading=\"lazy\" decoding=\"async\" class=\"size-medium wp-image-16337 alignleft\" src=\"https:\/\/miliciapro.com\/wp-content\/uploads\/2020\/03\/180016-12.png\" alt=\"\" width=\"202\" height=\"143\" \/><\/p>\n<p><strong>ABERTURA PRINCIPAL EM FECHO<\/strong><\/p>\n<p>O \u00e2ngulo de abertura significa que \u00e9 mais f\u00e1cil segurar o fecho quando a bolsa est\u00e1 anexada ao seu equipamento t\u00e1ctico.<\/p>\n","protected":false},"excerpt":{"rendered":"<p>Bolsa utilit\u00e1ria t\u00e1ctica, resistente, dur\u00e1vel e perfeita para armazenar equipamentos de menores dimens\u00f5es, perfeita para transportar uma c\u00e2mara\/GPS. Todas as bolsas s\u00e3o feitas em Nylon 500D, imperme\u00e1vel, com protec\u00e7\u00e3o acolchoada no interior e al\u00e7as no exterior para encaixe nas mochilas. Tem um bolso no interior em malha, que facilita uma melhor organiza\u00e7\u00e3o. Medidas: 7,6cm x [&#8230;]\n","protected":false},"featured_media":31065,"comment_status":"open","ping_status":"closed","template":"","meta":{"_monsterinsights_skip_tracking":false,"_monsterinsights_sitenote_active":false,"_monsterinsights_sitenote_note":"","_monsterinsights_sitenote_category":0},"product_brand":[],"product_cat":[1107,830,829,1467],"product_tag":[80,215],"class_list":{"0":"post-29516","1":"product","2":"type-product","3":"status-publish","4":"has-post-thumbnail","6":"product_cat-bolsas","7":"product_cat-firsttactical","8":"product_cat-marcas","9":"product_cat-mochilas-bolsas","10":"product_tag-bolsa","11":"product_tag-mochila","13":"first","14":"instock","15":"shipping-taxable","16":"purchasable","17":"product-type-variable"},"aioseo_notices":[],"jetpack_sharing_enabled":true,"_links":{"self":[{"href":"https:\/\/milicia-pro.com\/index.php\/wp-json\/wp\/v2\/product\/29516","targetHints":{"allow":["GET"]}}],"collection":[{"href":"https:\/\/milicia-pro.com\/index.php\/wp-json\/wp\/v2\/product"}],"about":[{"href":"https:\/\/milicia-pro.com\/index.php\/wp-json\/wp\/v2\/types\/product"}],"replies":[{"embeddable":true,"href":"https:\/\/milicia-pro.com\/index.php\/wp-json\/wp\/v2\/comments?post=29516"}],"wp:featuredmedia":[{"embeddable":true,"href":"https:\/\/milicia-pro.com\/index.php\/wp-json\/wp\/v2\/media\/31065"}],"wp:attachment":[{"href":"https:\/\/milicia-pro.com\/index.php\/wp-json\/wp\/v2\/media?parent=29516"}],"wp:term":[{"taxonomy":"product_brand","embeddable":true,"href":"https:\/\/milicia-pro.com\/index.php\/wp-json\/wp\/v2\/product_brand?post=29516"},{"taxonomy":"product_cat","embeddable":true,"href":"https:\/\/milicia-pro.com\/index.php\/wp-json\/wp\/v2\/product_cat?post=29516"},{"taxonomy":"product_tag","embeddable":true,"href":"https:\/\/milicia-pro.com\/index.php\/wp-json\/wp\/v2\/product_tag?post=29516"}],"curies":[{"name":"wp","href":"https:\/\/api.w.org\/{rel}","templated":true}]}}