{"id":29498,"date":"2022-09-01T09:48:34","date_gmt":"2022-09-01T09:48:34","guid":{"rendered":"https:\/\/milicia-pro.com\/?post_type=product&#038;p=29498"},"modified":"2025-07-27T12:56:48","modified_gmt":"2025-07-27T12:56:48","slug":"saco-guardian-patrol-415-litros","status":"publish","type":"product","link":"https:\/\/milicia-pro.com\/index.php\/product\/saco-guardian-patrol-415-litros\/","title":{"rendered":"SACO GUARDIAN PATROL 41,5 LITROS"},"content":{"rendered":"<p><span style=\"color: #000000;font-family: Calibri;font-size: medium\">O Saco Guardian Patrol, oferece um espa\u00e7o totalmente funcional para durante uma patrulha. <\/span><\/p>\n<p><span style=\"color: #000000;font-family: Calibri;font-size: medium\">Exterior resistente em poli\u00e9ster 600D, dur\u00e1vel, com costuras refor\u00e7adas e o fundo r\u00edgido. <\/span><\/p>\n<p><span style=\"color: #000000;font-family: Calibri;font-size: medium\">Medidas do compartimento principal: 45,7cm x 33cm x 21,6cm. <\/span><\/p>\n<p><span style=\"color: #000000;font-family: Calibri;font-size: medium\">Bolsos frontais: 12cm x 25,4cm x 3,8cm. <\/span><\/p>\n<p><span style=\"color: #000000;font-family: Calibri;font-size: medium\">Capacidade para 41,5litros.<\/span><\/p>\n<p><span style=\"color: #000000;font-family: Calibri;font-size: medium\"> Apresenta 6 bolsos externos, 2 divis\u00f3rias internas. <\/span><\/p>\n<p><span style=\"color: #000000;font-family: Calibri;font-size: medium\">600D Poli\u00e9ster com fechos YKK Hardware Duraflex.<\/span><\/p>\n<p><iframe loading=\"lazy\" title=\"First Tactical&#039;s Guardian Patrol Bag\" width=\"1020\" height=\"574\" src=\"https:\/\/www.youtube.com\/embed\/kC-SNSsAkHg?feature=oembed\" frameborder=\"0\" allow=\"accelerometer; autoplay; clipboard-write; encrypted-media; gyroscope; picture-in-picture; web-share\" referrerpolicy=\"strict-origin-when-cross-origin\" allowfullscreen><\/iframe><\/p>\n<p><img loading=\"lazy\" decoding=\"async\" class=\"size-full wp-image-16088 alignleft\" src=\"https:\/\/miliciapro.com\/wp-content\/uploads\/2020\/03\/180001-10.png\" alt=\"\" width=\"207\" height=\"142\" \/><\/p>\n<p><span style=\"color: #000000;font-family: Calibri;font-size: medium\">RESPONDE A TODAS AS SUAS NECESSIDADES DE ADMINISTRA\u00c7\u00c3O<\/span><\/p>\n<p><span style=\"color: #000000;font-family: Calibri;font-size: medium\">Encontre um lugar para tudo com 3 bolsos internos de malha e painel de administra\u00e7\u00e3o externo.<\/span><\/p>\n<p>&nbsp;<\/p>\n<p>&nbsp;<\/p>\n<p><img loading=\"lazy\" decoding=\"async\" class=\"size-medium wp-image-16089 alignleft\" src=\"https:\/\/miliciapro.com\/wp-content\/uploads\/2020\/03\/180001-11.png\" alt=\"\" width=\"209\" height=\"145\" \/><\/p>\n<p><span style=\"color: #000000;font-family: Calibri;font-size: medium\">MAIOR ORGANIZA\u00c7\u00c3O DO COMPARTIMENTO<\/span><\/p>\n<p><span style=\"color: #000000;font-family: Calibri;font-size: medium\">O compartimento principal apresenta 3 compartimentos para melhor organiza\u00e7\u00e3o do seu material.<\/span><\/p>\n<p>&nbsp;<\/p>\n<p>&nbsp;<\/p>\n<p><img loading=\"lazy\" decoding=\"async\" class=\"size-medium wp-image-16090 alignleft\" src=\"https:\/\/miliciapro.com\/wp-content\/uploads\/2020\/03\/180001-12.png\" alt=\"\" width=\"201\" height=\"140\" \/><\/p>\n<p>&nbsp;<\/p>\n<p><span style=\"color: #000000;font-family: Calibri;font-size: medium\">AL\u00c7A DO OMBRO ANTI-DERRAPANTE<\/span><\/p>\n<p><span style=\"color: #000000;font-family: Calibri;font-size: medium\">A al\u00e7a de ombro possui um design antiderrapante para maior ader\u00eancia, seguran\u00e7a e conforto.<\/span><\/p>\n<p>&nbsp;<\/p>\n","protected":false},"excerpt":{"rendered":"<p>O Saco Guardian Patrol, oferece um espa\u00e7o totalmente funcional para durante uma patrulha. Exterior resistente em poli\u00e9ster 600D, dur\u00e1vel, com costuras refor\u00e7adas e o fundo r\u00edgido. Medidas do compartimento principal: 45,7cm x 33cm x 21,6cm. Bolsos frontais: 12cm x 25,4cm x 3,8cm. Capacidade para 41,5litros. Apresenta 6 bolsos externos, 2 divis\u00f3rias internas. 600D Poli\u00e9ster com [&#8230;]\n","protected":false},"featured_media":31011,"comment_status":"open","ping_status":"closed","template":"","meta":{"_monsterinsights_skip_tracking":false,"_monsterinsights_sitenote_active":false,"_monsterinsights_sitenote_note":"","_monsterinsights_sitenote_category":0},"product_brand":[],"product_cat":[830,1341,829,1467],"product_tag":[609,205,296,326,333],"class_list":{"0":"post-29498","1":"product","2":"type-product","3":"status-publish","4":"has-post-thumbnail","6":"product_cat-firsttactical","7":"product_cat-mala","8":"product_cat-marcas","9":"product_cat-mochilas-bolsas","10":"product_tag-desporto","11":"product_tag-mala","12":"product_tag-saco","13":"product_tag-tatico","14":"product_tag-treino","16":"first","17":"instock","18":"shipping-taxable","19":"purchasable","20":"product-type-variable"},"aioseo_notices":[],"jetpack_sharing_enabled":true,"_links":{"self":[{"href":"https:\/\/milicia-pro.com\/index.php\/wp-json\/wp\/v2\/product\/29498","targetHints":{"allow":["GET"]}}],"collection":[{"href":"https:\/\/milicia-pro.com\/index.php\/wp-json\/wp\/v2\/product"}],"about":[{"href":"https:\/\/milicia-pro.com\/index.php\/wp-json\/wp\/v2\/types\/product"}],"replies":[{"embeddable":true,"href":"https:\/\/milicia-pro.com\/index.php\/wp-json\/wp\/v2\/comments?post=29498"}],"wp:featuredmedia":[{"embeddable":true,"href":"https:\/\/milicia-pro.com\/index.php\/wp-json\/wp\/v2\/media\/31011"}],"wp:attachment":[{"href":"https:\/\/milicia-pro.com\/index.php\/wp-json\/wp\/v2\/media?parent=29498"}],"wp:term":[{"taxonomy":"product_brand","embeddable":true,"href":"https:\/\/milicia-pro.com\/index.php\/wp-json\/wp\/v2\/product_brand?post=29498"},{"taxonomy":"product_cat","embeddable":true,"href":"https:\/\/milicia-pro.com\/index.php\/wp-json\/wp\/v2\/product_cat?post=29498"},{"taxonomy":"product_tag","embeddable":true,"href":"https:\/\/milicia-pro.com\/index.php\/wp-json\/wp\/v2\/product_tag?post=29498"}],"curies":[{"name":"wp","href":"https:\/\/api.w.org\/{rel}","templated":true}]}}