{"id":29465,"date":"2022-09-01T09:45:13","date_gmt":"2022-09-01T09:45:13","guid":{"rendered":"https:\/\/milicia-pro.com\/?post_type=product&#038;p=29465"},"modified":"2025-05-06T16:24:21","modified_gmt":"2025-05-06T16:24:21","slug":"coldre-gg-delta-wing-iwb-para-glock-19-e-23-p110-direita","status":"publish","type":"product","link":"https:\/\/milicia-pro.com\/index.php\/product\/coldre-gg-delta-wing-iwb-para-glock-19-e-23-p110-direita\/","title":{"rendered":"COLDRE G&amp;G DELTA WING IWB PARA GLOCK 19 E 23 P110 &#8211; DIREITA"},"content":{"rendered":"<p><span style=\"color: #000000;font-family: Calibri;font-size: medium\">\u00a0<\/span><\/p>\n<p><span style=\"color: #000000;font-family: Calibri;font-size: medium\">Este coldre Delta Wing P110, em camur\u00e7a, de baixo perfil, operacional, foi projetado com um design elegante, leve e altamente eficaz com o objetivo de proteger e introduzir facilmente a sua Glock. Remo, presilha de cinto e espa\u00e7ador est\u00e3o inclu\u00eddos. O parafuso de tens\u00e3o permite ajustar para um desenho mais firme ou mais f\u00e1cil. Este coldre adapta-se at\u00e9 um cinto de 4,5cm de altura. Correias em couro encaixando e dando maior estabilidade no cinto. A asa Delta foi idealizada para acomodar modelos espec\u00edficos de pistolas. O bloqueio autom\u00e1tico aud\u00edvel no coldre permite ao utilizador garantir que a arma esteja encaixada adequadamente. Verifique o tamanho do coldre e o ajuste da arma e leia todas as instru\u00e7\u00f5es e avisos antes de usar.<\/span><\/p>\n<p><iframe loading=\"lazy\" title=\"G&amp;G Delta Wing P110 IWB Concealment Holster\" width=\"1020\" height=\"574\" src=\"https:\/\/www.youtube.com\/embed\/g26MvqJNRMo?feature=oembed\" frameborder=\"0\" allow=\"accelerometer; autoplay; clipboard-write; encrypted-media; gyroscope; picture-in-picture; web-share\" allowfullscreen><\/iframe><\/p>\n<p><img loading=\"lazy\" decoding=\"async\" class=\"size-full wp-image-16063 alignleft\" src=\"https:\/\/miliciapro.com\/wp-content\/uploads\/2020\/03\/142513-10.png\" alt=\"\" width=\"205\" height=\"141\" \/><\/p>\n<p><strong>DESIGN<\/strong><\/p>\n<p>Desenhado ergonomicamente para dar conforto e ajuste.<\/p>\n<p>&nbsp;<\/p>\n<p>&nbsp;<\/p>\n<p>&nbsp;<\/p>\n<p><img loading=\"lazy\" decoding=\"async\" class=\"size-medium wp-image-16064 alignleft\" src=\"https:\/\/miliciapro.com\/wp-content\/uploads\/2020\/03\/142513-11.png\" alt=\"\" width=\"203\" height=\"141\" \/><\/p>\n<p><strong><span style=\"color: #000000;font-family: Calibri;font-size: medium\">POSICIONAMENTO SIMPLES DO COLDRE<\/span><\/strong><\/p>\n<p><span style=\"color: #000000;font-family: Calibri;font-size: medium\">Para utilizadores que desejam fixar a posi\u00e7\u00e3o da presilha girat\u00f3ria da correia, basta inclinar a presilha na posi\u00e7\u00e3o preferida e apertar o parafuso para fixar.<\/span><\/p>\n<p>&nbsp;<\/p>\n<p>&nbsp;<\/p>\n<p><img loading=\"lazy\" decoding=\"async\" class=\"size-medium wp-image-16065 alignleft\" src=\"https:\/\/miliciapro.com\/wp-content\/uploads\/2020\/03\/142513-12.png\" alt=\"\" width=\"205\" height=\"140\" \/><\/p>\n<p><strong><span style=\"color: #000000;font-family: Calibri;font-size: medium\">CAMUR\u00c7A<\/span><\/strong><\/p>\n<p><span style=\"color: #000000;font-family: Calibri;font-size: medium\">O corpo \u00e9 revestido com camur\u00e7a de uretano, permanentemente ligado ao n\u00facleo.<\/span><\/p>\n<p>&nbsp;<\/p>\n","protected":false},"excerpt":{"rendered":"<p>\u00a0 Este coldre Delta Wing P110, em camur\u00e7a, de baixo perfil, operacional, foi projetado com um design elegante, leve e altamente eficaz com o objetivo de proteger e introduzir facilmente a sua Glock. Remo, presilha de cinto e espa\u00e7ador est\u00e3o inclu\u00eddos. O parafuso de tens\u00e3o permite ajustar para um desenho mais firme ou mais f\u00e1cil. [&#8230;]\n","protected":false},"featured_media":31001,"comment_status":"open","ping_status":"closed","template":"","meta":{"_monsterinsights_skip_tracking":false,"_monsterinsights_sitenote_active":false,"_monsterinsights_sitenote_note":"","_monsterinsights_sitenote_category":0},"product_brand":[],"product_cat":[1085,1064,830,829],"product_tag":[64,607,608],"class_list":{"0":"post-29465","1":"product","2":"type-product","3":"status-publish","4":"has-post-thumbnail","6":"product_cat-coldre","7":"product_cat-equipamentotatico","8":"product_cat-firsttactical","9":"product_cat-marcas","10":"product_tag-arma","11":"product_tag-coldre","12":"product_tag-glock","14":"first","15":"instock","16":"shipping-taxable","17":"purchasable","18":"product-type-variable"},"aioseo_notices":[],"jetpack_sharing_enabled":true,"_links":{"self":[{"href":"https:\/\/milicia-pro.com\/index.php\/wp-json\/wp\/v2\/product\/29465","targetHints":{"allow":["GET"]}}],"collection":[{"href":"https:\/\/milicia-pro.com\/index.php\/wp-json\/wp\/v2\/product"}],"about":[{"href":"https:\/\/milicia-pro.com\/index.php\/wp-json\/wp\/v2\/types\/product"}],"replies":[{"embeddable":true,"href":"https:\/\/milicia-pro.com\/index.php\/wp-json\/wp\/v2\/comments?post=29465"}],"wp:featuredmedia":[{"embeddable":true,"href":"https:\/\/milicia-pro.com\/index.php\/wp-json\/wp\/v2\/media\/31001"}],"wp:attachment":[{"href":"https:\/\/milicia-pro.com\/index.php\/wp-json\/wp\/v2\/media?parent=29465"}],"wp:term":[{"taxonomy":"product_brand","embeddable":true,"href":"https:\/\/milicia-pro.com\/index.php\/wp-json\/wp\/v2\/product_brand?post=29465"},{"taxonomy":"product_cat","embeddable":true,"href":"https:\/\/milicia-pro.com\/index.php\/wp-json\/wp\/v2\/product_cat?post=29465"},{"taxonomy":"product_tag","embeddable":true,"href":"https:\/\/milicia-pro.com\/index.php\/wp-json\/wp\/v2\/product_tag?post=29465"}],"curies":[{"name":"wp","href":"https:\/\/api.w.org\/{rel}","templated":true}]}}