{"id":29464,"date":"2022-09-01T09:45:13","date_gmt":"2022-09-01T09:45:13","guid":{"rendered":"https:\/\/milicia-pro.com\/?post_type=product&#038;p=29464"},"modified":"2023-02-27T19:54:28","modified_gmt":"2023-02-27T19:54:28","slug":"coldre-gg-delta-wing-iwb-para-glock-19-e-23-p100-esquerda","status":"publish","type":"product","link":"https:\/\/milicia-pro.com\/index.php\/product\/coldre-gg-delta-wing-iwb-para-glock-19-e-23-p100-esquerda\/","title":{"rendered":"COLDRE G&amp;G DELTA WING IWB PARA GLOCK 19 E 23 P100 &#8211; ESQUERDA"},"content":{"rendered":"<p><span style=\"color: #000000;font-family: Calibri;font-size: medium\">Este coldre Delta Wing P100, em camur\u00e7a, de baixo perfil, operacional, foi projetado com um design elegante, leve e altamente eficaz com o objetivo de proteger e introduzir facilmente a sua Glock. Remo, presilha de cinto e espa\u00e7ador est\u00e3o inclu\u00eddos. O parafuso de tens\u00e3o permite ajustar para um desenho mais firme ou mais f\u00e1cil. Este coldre adapta-se at\u00e9 um cinto de 4,5cm de altura. A asa Delta foi idealizada para acomodar modelos espec\u00edficos de pistolas. O bloqueio autom\u00e1tico aud\u00edvel no coldre permite ao utilizador garantir que a arma esteja encaixada adequadamente. Verifique o tamanho do coldre e o ajuste da arma e leia todas as instru\u00e7\u00f5es e avisos antes de usar.<\/span><\/p>\n<p><iframe loading=\"lazy\" title=\"G&amp;G Delta Wing P100 OWB Concealment Holster\" width=\"1020\" height=\"574\" src=\"https:\/\/www.youtube.com\/embed\/dTe8obawBZo?feature=oembed\" frameborder=\"0\" allow=\"accelerometer; autoplay; clipboard-write; encrypted-media; gyroscope; picture-in-picture\" allowfullscreen><\/iframe><\/p>\n<p><img loading=\"lazy\" decoding=\"async\" class=\"size-full wp-image-16059 alignleft\" src=\"https:\/\/miliciapro.com\/wp-content\/uploads\/2020\/03\/142505-12.png\" alt=\"\" width=\"200\" height=\"141\" \/><\/p>\n<p><span style=\"color: #000000;font-family: Calibri;font-size: medium\">DESIGN<\/span><\/p>\n<p><span style=\"color: #000000;font-family: Calibri;font-size: medium\">Desenhado agronomicamente para conforto e ajuste superiores<\/span><\/p>\n<p>&nbsp;<\/p>\n<p>&nbsp;<\/p>\n<p>&nbsp;<\/p>\n<p><img loading=\"lazy\" decoding=\"async\" class=\"wp-image-16058 alignleft\" src=\"https:\/\/miliciapro.com\/wp-content\/uploads\/2020\/03\/142505-11.png\" alt=\"\" width=\"204\" height=\"144\" \/><\/p>\n<p><span style=\"color: #000000;font-family: Calibri;font-size: medium\">\u00a0<\/span><\/p>\n<p><span style=\"color: #000000;font-family: Calibri;font-size: medium\">TOTALMENTE AJUSTAVEL<\/span><\/p>\n<p><span style=\"color: #000000;font-family: Calibri;font-size: medium\">Corpo ajust\u00e1vel para acomodar a sua arma<\/span><\/p>\n<p>&nbsp;<\/p>\n<p>&nbsp;<\/p>\n<p><img loading=\"lazy\" decoding=\"async\" class=\"size-full wp-image-16057 alignleft\" src=\"https:\/\/miliciapro.com\/wp-content\/uploads\/2020\/03\/142505-10.png\" alt=\"\" width=\"206\" height=\"142\" \/><\/p>\n<p><span style=\"color: #000000;font-family: Calibri;font-size: medium\">RETEN\u00c7\u00c3O N\u00cdVEL 1 COM APLICA\u00c7\u00c3O MINIMALISTA<\/span><\/p>\n<p><span style=\"color: #000000;font-family: Calibri;font-size: medium\">Projeto de dobradi\u00e7a de pe\u00e7a \u00fanica com patente pendente, dobra vertical e pe\u00e7a \u00fanica proporciona economia de espa\u00e7o. Reten\u00e7\u00e3o de n\u00edvel 1<\/span><\/p>\n<p>&nbsp;<\/p>\n","protected":false},"excerpt":{"rendered":"<p>Brevemente Dispon\u00edvel.<\/p>\n","protected":false},"featured_media":36816,"comment_status":"open","ping_status":"closed","template":"","meta":{"_monsterinsights_skip_tracking":false,"_monsterinsights_sitenote_active":false,"_monsterinsights_sitenote_note":"","_monsterinsights_sitenote_category":0},"product_brand":[],"product_cat":[1085,1064,830,829],"product_tag":[64,607,608],"class_list":{"0":"post-29464","1":"product","2":"type-product","3":"status-publish","4":"has-post-thumbnail","6":"product_cat-coldre","7":"product_cat-equipamentotatico","8":"product_cat-firsttactical","9":"product_cat-marcas","10":"product_tag-arma","11":"product_tag-coldre","12":"product_tag-glock","14":"first","15":"onbackorder","16":"shipping-taxable","17":"purchasable","18":"product-type-variable"},"aioseo_notices":[],"jetpack_sharing_enabled":true,"_links":{"self":[{"href":"https:\/\/milicia-pro.com\/index.php\/wp-json\/wp\/v2\/product\/29464","targetHints":{"allow":["GET"]}}],"collection":[{"href":"https:\/\/milicia-pro.com\/index.php\/wp-json\/wp\/v2\/product"}],"about":[{"href":"https:\/\/milicia-pro.com\/index.php\/wp-json\/wp\/v2\/types\/product"}],"replies":[{"embeddable":true,"href":"https:\/\/milicia-pro.com\/index.php\/wp-json\/wp\/v2\/comments?post=29464"}],"wp:featuredmedia":[{"embeddable":true,"href":"https:\/\/milicia-pro.com\/index.php\/wp-json\/wp\/v2\/media\/36816"}],"wp:attachment":[{"href":"https:\/\/milicia-pro.com\/index.php\/wp-json\/wp\/v2\/media?parent=29464"}],"wp:term":[{"taxonomy":"product_brand","embeddable":true,"href":"https:\/\/milicia-pro.com\/index.php\/wp-json\/wp\/v2\/product_brand?post=29464"},{"taxonomy":"product_cat","embeddable":true,"href":"https:\/\/milicia-pro.com\/index.php\/wp-json\/wp\/v2\/product_cat?post=29464"},{"taxonomy":"product_tag","embeddable":true,"href":"https:\/\/milicia-pro.com\/index.php\/wp-json\/wp\/v2\/product_tag?post=29464"}],"curies":[{"name":"wp","href":"https:\/\/api.w.org\/{rel}","templated":true}]}}