{"id":23511,"date":"2022-02-18T16:54:26","date_gmt":"2022-02-18T16:54:26","guid":{"rendered":"https:\/\/miliciapro.com\/?page_id=23511"},"modified":"2022-02-18T16:54:26","modified_gmt":"2022-02-18T16:54:26","slug":"perguntas-frequentes","status":"publish","type":"page","link":"https:\/\/milicia-pro.com\/index.php\/perguntas-frequentes\/","title":{"rendered":"Perguntas Frequentes"},"content":{"rendered":"\n\n\t<section class=\"section has-mask mask-arrow\" id=\"section_1160141753\">\n\t\t<div class=\"section-bg fill\" >\n\t\t\t\t\t\t\t\t\t\n\t\t\t\n\n\t\t<\/div>\n\n\t\t\t<div class=\"ux-shape-divider ux-shape-divider--top ux-shape-divider--style-arrow\">\n\t\t<svg viewBox=\"0 0 1000 100\" xmlns=\"http:\/\/www.w3.org\/2000\/svg\" preserveAspectRatio=\"none\">\n\t<path class=\"ux-shape-fill\" d=\"M1000 100H0L0 96H483L500 79L517 96H1000V100Z\"\/>\n<\/svg>\n\t<\/div>\n\n\n\t\t<div class=\"section-content relative\">\n\t\t\t\n\n<div class=\"container section-title-container\" style=\"margin-top:75px;\"><h3 class=\"section-title section-title-center\"><b aria-hidden=\"true\"><\/b><span class=\"section-title-main\" style=\"font-size:157%;\">perguntas Frequentes<\/span><b aria-hidden=\"true\"><\/b><\/h3><\/div>\n\n\t<div id=\"text-1834251873\" class=\"text\">\n\t\t\n\n<p class=\"lead\">Por favor, leia nosso FAQ antes de nos enviar uma mensagem.<\/p>\n\t\t\n<style>\n#text-1834251873 {\n  font-size: 0.9rem;\n  line-height: 1.35;\n  text-align: center;\n}\n<\/style>\n\t<\/div>\n\t\n<div class=\"accordion\">\n\n\t<div id=\"accordion-3487451411\" class=\"accordion-item\">\n\t\t<a id=\"accordion-3487451411-label\" class=\"accordion-title plain\" href=\"#accordion-item-quais-s\u00e3o-os-custos-de-entrega-para-pedidos-da-loja-online?\" aria-expanded=\"false\" aria-controls=\"accordion-3487451411-content\">\n\t\t\t<button class=\"toggle\" aria-label=\"Toggle\"><i class=\"icon-angle-down\" aria-hidden=\"true\"><\/i><\/button>\n\t\t\t<span>Quais s\u00e3o os custos de entrega para pedidos da Loja Online?<\/span>\n\t\t<\/a>\n\t\t<div id=\"accordion-3487451411-content\" class=\"accordion-inner\" aria-labelledby=\"accordion-3487451411-label\">\n\t\t\t\n\n<p>A todas as encomendas acresce o valor dos portes de envio que variam mediante o peso da mercadoria e a se op\u00e7\u00e3o de escolha de pagamento for via Paypal ou Transfer\u00eancia banc\u00e1ria.<br \/>\nOs portes de envio s\u00e3o diferentes para o Nacional, Internacional e Ilhas.<br \/>\nEst\u00e1 exclu\u00edda a cobran\u00e7a de portes de envio caso a sua encomenda seja levantada nas nossas lojas.<\/p>\n\n\t\t<\/div>\n\t<\/div>\n\t\n\t<div id=\"accordion-1189721056\" class=\"accordion-item\">\n\t\t<a id=\"accordion-1189721056-label\" class=\"accordion-title plain\" href=\"#accordion-item-quais-m\u00e9todos-de-pagamento-s\u00e3o-aceitos-na-loja-online?\" aria-expanded=\"false\" aria-controls=\"accordion-1189721056-content\">\n\t\t\t<button class=\"toggle\" aria-label=\"Toggle\"><i class=\"icon-angle-down\" aria-hidden=\"true\"><\/i><\/button>\n\t\t\t<span>Quais m\u00e9todos de pagamento s\u00e3o aceitos na loja online?<\/span>\n\t\t<\/a>\n\t\t<div id=\"accordion-1189721056-content\" class=\"accordion-inner\" aria-labelledby=\"accordion-1189721056-label\">\n\t\t\t\n\n<p>Poder\u00e1 pagar a sua encomenda por transfer\u00eancia banc\u00e1ria ou via Paypal.<\/p>\n\n\t\t<\/div>\n\t<\/div>\n\t\n\t<div id=\"accordion-321672018\" class=\"accordion-item\">\n\t\t<a id=\"accordion-321672018-label\" class=\"accordion-title plain\" href=\"#accordion-item-em-quanto-tempo-a-encomenda-chega?\" aria-expanded=\"false\" aria-controls=\"accordion-321672018-content\">\n\t\t\t<button class=\"toggle\" aria-label=\"Toggle\"><i class=\"icon-angle-down\" aria-hidden=\"true\"><\/i><\/button>\n\t\t\t<span>Em quanto tempo a encomenda chega?<\/span>\n\t\t<\/a>\n\t\t<div id=\"accordion-321672018-content\" class=\"accordion-inner\" aria-labelledby=\"accordion-321672018-label\">\n\t\t\t\n\n<p>Os dados dos nossos clientes ficam alojados e salvaguardados na nossa base de dados (PHC) cuja a responsabilidade \u00e9 da empresa Magnetikforest-Unipessoal, Lda.<\/p>\n\n\t\t<\/div>\n\t<\/div>\n\t\n\t<div id=\"accordion-102837755\" class=\"accordion-item\">\n\t\t<a id=\"accordion-102837755-label\" class=\"accordion-title plain\" href=\"#accordion-item-qu\u00e3o-seguro-\u00e9-comprar-na-loja-online?-meus-dados-est\u00e3o-protegidos?\" aria-expanded=\"false\" aria-controls=\"accordion-102837755-content\">\n\t\t\t<button class=\"toggle\" aria-label=\"Toggle\"><i class=\"icon-angle-down\" aria-hidden=\"true\"><\/i><\/button>\n\t\t\t<span>Qu\u00e3o seguro \u00e9 comprar na Loja Online? Meus dados est\u00e3o protegidos?<\/span>\n\t\t<\/a>\n\t\t<div id=\"accordion-102837755-content\" class=\"accordion-inner\" aria-labelledby=\"accordion-102837755-label\">\n\t\t\t\n\n<p>Os dados dos nossos clientes ficam alojados e salvaguardados na nossa base de dados (PHC) cuja a responsabilidade \u00e9 da empresa Magnetikforest-Unipessoal, Lda.<\/p>\n\n\t\t<\/div>\n\t<\/div>\n\t\n\t<div id=\"accordion-2714682988\" class=\"accordion-item\">\n\t\t<a id=\"accordion-2714682988-label\" class=\"accordion-title plain\" href=\"#accordion-item-o-que-exatamente-acontece-ap\u00f3s-a-encomenda?\" aria-expanded=\"false\" aria-controls=\"accordion-2714682988-content\">\n\t\t\t<button class=\"toggle\" aria-label=\"Toggle\"><i class=\"icon-angle-down\" aria-hidden=\"true\"><\/i><\/button>\n\t\t\t<span>O que exatamente acontece ap\u00f3s a encomenda?<\/span>\n\t\t<\/a>\n\t\t<div id=\"accordion-2714682988-content\" class=\"accordion-inner\" aria-labelledby=\"accordion-2714682988-label\">\n\t\t\t\n\n<p>Verificamos se j\u00e1 \u00e9 nosso cliente ou n\u00e3o, caso n\u00e3o seja os seus dados ser\u00e3o inseridos na nossa base de dados (PHC) e ser\u00e1 atribu\u00eddo um c\u00f3digo de cliente, posteriormente a sua encomenda ser\u00e1 registada como (encomenda cliente) e ap\u00f3s boa rece\u00e7\u00e3o do pagamento ser\u00e1 convertida em Fatura\/Recibo e enviada pela transportadora.<\/p>\n\n\t\t<\/div>\n\t<\/div>\n\t\n\t<div id=\"accordion-595341373\" class=\"accordion-item\">\n\t\t<a id=\"accordion-595341373-label\" class=\"accordion-title plain\" href=\"#accordion-item-eu-recebo-uma-fatura-pelo-meu-pedido?\" aria-expanded=\"false\" aria-controls=\"accordion-595341373-content\">\n\t\t\t<button class=\"toggle\" aria-label=\"Toggle\"><i class=\"icon-angle-down\" aria-hidden=\"true\"><\/i><\/button>\n\t\t\t<span>Eu recebo uma fatura pelo meu pedido?<\/span>\n\t\t<\/a>\n\t\t<div id=\"accordion-595341373-content\" class=\"accordion-inner\" aria-labelledby=\"accordion-595341373-label\">\n\t\t\t\n\n<p>Sim as encomendas on-line seguem sempre acompanhadas por uma Fatura\/Recibo.<\/p>\n\n\t\t<\/div>\n\t<\/div>\n\t\n\n<\/div>\n\n\t\t<\/div>\n\n\t\t\n<style>\n#section_1160141753 {\n  padding-top: 44px;\n  padding-bottom: 44px;\n  margin-bottom: 5px;\n  min-height: 10px;\n}\n#section_1160141753 .ux-shape-divider--top svg {\n  height: 161px;\n  --divider-top-width: 100%;\n}\n<\/style>\n\t<\/section>\n\t\n\n","protected":false},"excerpt":{"rendered":"","protected":false},"author":1,"featured_media":0,"parent":0,"menu_order":0,"comment_status":"closed","ping_status":"closed","template":"","meta":{"_monsterinsights_skip_tracking":false,"_monsterinsights_sitenote_active":false,"_monsterinsights_sitenote_note":"","_monsterinsights_sitenote_category":0,"footnotes":""},"class_list":["post-23511","page","type-page","status-publish","hentry"],"aioseo_notices":[],"jetpack_sharing_enabled":true,"_links":{"self":[{"href":"https:\/\/milicia-pro.com\/index.php\/wp-json\/wp\/v2\/pages\/23511","targetHints":{"allow":["GET"]}}],"collection":[{"href":"https:\/\/milicia-pro.com\/index.php\/wp-json\/wp\/v2\/pages"}],"about":[{"href":"https:\/\/milicia-pro.com\/index.php\/wp-json\/wp\/v2\/types\/page"}],"author":[{"embeddable":true,"href":"https:\/\/milicia-pro.com\/index.php\/wp-json\/wp\/v2\/users\/1"}],"replies":[{"embeddable":true,"href":"https:\/\/milicia-pro.com\/index.php\/wp-json\/wp\/v2\/comments?post=23511"}],"version-history":[{"count":0,"href":"https:\/\/milicia-pro.com\/index.php\/wp-json\/wp\/v2\/pages\/23511\/revisions"}],"wp:attachment":[{"href":"https:\/\/milicia-pro.com\/index.php\/wp-json\/wp\/v2\/media?parent=23511"}],"curies":[{"name":"wp","href":"https:\/\/api.w.org\/{rel}","templated":true}]}}